
{"id":1099,"date":"2025-11-18T22:42:28","date_gmt":"2025-11-18T21:42:28","guid":{"rendered":"https:\/\/zsp5.edu.wroclaw.pl\/?page_id=1099"},"modified":"2026-01-14T17:15:50","modified_gmt":"2026-01-14T16:15:50","slug":"polkolonie","status":"publish","type":"page","link":"https:\/\/zsp5.edu.wroclaw.pl\/index.php\/szkola-podstawowa\/polkolonie\/","title":{"rendered":"P\u00f3\u0142kolonie"},"content":{"rendered":"<div class=\"wpb-content-wrapper\"><p>&nbsp;<\/p>\n<div id=\":xe\" class=\"ii gt\">\n<div id=\":xd\" class=\"a3s aiL msg5837986725646391916\">\n<div id=\"avWBGd-81\">\n<div dir=\"ltr\">\n<div id=\"m_5837986725646391916divtagdefaultwrapper\" dir=\"ltr\">\n<ol>\n<li>\u00a0INFORMACJE O ZAJ\u0118CIACH<\/li>\n<\/ol>\n<p>&nbsp;<\/p>\n<p>Szko\u0142a Podstawowa nr 21 im. Mieszka I w Zespole Szkolno-Przedszkolnym nr 5 we Wroc\u0142awiu zaprasza uczni\u00f3w klas I-III do udzia\u0142u w zimowych p\u00f3\u0142koloniach, kt\u00f3re odb\u0119d\u0105 si\u0119 w dniach 2-6 lutego 2026 r. w godzinach 7.30-16.30.<\/p>\n<p>To doskona\u0142a okazja, aby aktywnie i rado\u015bnie sp\u0119dzi\u0107 czas ferii zimowych w bezpiecznym, przyjaznym miejscu, pod opiek\u0105 do\u015bwiadczonej kadry nauczycieli.<\/p>\n<p>Nasza szko\u0142a znajduje si\u0119 przy ul. Osobowickiej 127 na malowniczym i spokojnym osiedlu Osobowice, w otoczeniu drzew, w pobli\u017cu parku. Blisko przystanek komunikacji miejskiej &#8211; autobus linii 118 i 104 oraz p\u0119tli tramwajowej linii 14 i 76.<\/p>\n<p>Podczas p\u00f3\u0142kolonii organizowane b\u0119d\u0105 wycieczki.<\/p>\n<p>W programie przewidziano wiele atrakcji:<\/p>\n<ul>\n<li>KINO HELIOS<\/li>\n<li>DOM KRASNALI<\/li>\n<li>GO AIR POWIETRZNE MIASTO<\/li>\n<li>HYDROPOLIS<\/li>\n<li>ZWIEDZANIE LOTNISKA<\/li>\n<\/ul>\n<p>Opr\u00f3cz planowanych wyj\u015b\u0107 uczestnicy wezm\u0105 udzia\u0142 w zaj\u0119ciach integracyjnych, plastycznych. Ka\u017cdego dnia dzieci otrzymaj\u0105 ciep\u0142y, smaczny obiad.<\/p>\n<p>Zapewniamy moc wra\u017ce\u0144\u00a0\u00a0i dobr\u0105 zabaw\u0119.<\/p>\n<p>2. REGULAMIN &#8211; za\u0142\u0105cznik<\/p>\n<div class=\"yj6qo\"><a href=\"https:\/\/zsp5.edu.wroclaw.pl\/wp-content\/uploads\/sites\/86\/2025\/11\/Regulamin-po\u0301lkolonii-SP21-rok-szkolny-2025-2026.docx\">Regulamin po\u0301\u0142kolonii SP21 rok szkolny 2025-2026<\/a><\/div>\n<\/div>\n<\/div>\n<div>3. Dokumenty<\/div>\n<div><\/div>\n<div dir=\"ltr\">\n<div id=\"m_5837986725646391916divtagdefaultwrapper\" dir=\"ltr\">\n<div class=\"adL\"><a href=\"https:\/\/zsp5.edu.wroclaw.pl\/wp-content\/uploads\/sites\/86\/2026\/01\/Oswiadczenie.pdf\">O\u015bwiadczenie<\/a><\/div>\n<\/div>\n<div class=\"adL\"><a href=\"https:\/\/zsp5.edu.wroclaw.pl\/wp-content\/uploads\/sites\/86\/2026\/01\/Karta-kwalifikacyjna.pdf\">Karta kwalifikacyjna<\/a><\/div>\n<\/div>\n<div class=\"adL\"><a href=\"https:\/\/zsp5.edu.wroclaw.pl\/wp-content\/uploads\/sites\/86\/2026\/01\/Oswiadczenie-o-wysokosci-dochodu.pdf\">O\u015bwiadczenie o wysoko\u015bci dochodu<\/a><\/div>\n<\/div>\n<\/div>\n<\/div>\n<div id=\":xo\" class=\"hq gt\"><\/div>\n<p>[\/vc_column_text][\/vc_column][\/vc_row]<\/p>\n<\/div>","protected":false},"excerpt":{"rendered":"<p>&nbsp; \u00a0INFORMACJE O ZAJ\u0118CIACH &nbsp; Szko\u0142a Podstawowa nr 21 im. Mieszka I w Zespole Szkolno-Przedszkolnym nr 5 we Wroc\u0142awiu zaprasza uczni\u00f3w klas I-III do udzia\u0142u w zimowych p\u00f3\u0142koloniach, kt\u00f3re odb\u0119d\u0105 [&hellip;]<\/p>\n","protected":false},"author":464,"featured_media":0,"parent":59,"menu_order":4,"comment_status":"closed","ping_status":"closed","template":"","meta":{"footnotes":""},"class_list":["post-1099","page","type-page","status-publish","hentry","clearfix"],"_links":{"self":[{"href":"https:\/\/zsp5.edu.wroclaw.pl\/index.php\/wp-json\/wp\/v2\/pages\/1099","targetHints":{"allow":["GET"]}}],"collection":[{"href":"https:\/\/zsp5.edu.wroclaw.pl\/index.php\/wp-json\/wp\/v2\/pages"}],"about":[{"href":"https:\/\/zsp5.edu.wroclaw.pl\/index.php\/wp-json\/wp\/v2\/types\/page"}],"author":[{"embeddable":true,"href":"https:\/\/zsp5.edu.wroclaw.pl\/index.php\/wp-json\/wp\/v2\/users\/464"}],"replies":[{"embeddable":true,"href":"https:\/\/zsp5.edu.wroclaw.pl\/index.php\/wp-json\/wp\/v2\/comments?post=1099"}],"version-history":[{"count":7,"href":"https:\/\/zsp5.edu.wroclaw.pl\/index.php\/wp-json\/wp\/v2\/pages\/1099\/revisions"}],"predecessor-version":[{"id":1531,"href":"https:\/\/zsp5.edu.wroclaw.pl\/index.php\/wp-json\/wp\/v2\/pages\/1099\/revisions\/1531"}],"up":[{"embeddable":true,"href":"https:\/\/zsp5.edu.wroclaw.pl\/index.php\/wp-json\/wp\/v2\/pages\/59"}],"wp:attachment":[{"href":"https:\/\/zsp5.edu.wroclaw.pl\/index.php\/wp-json\/wp\/v2\/media?parent=1099"}],"curies":[{"name":"wp","href":"https:\/\/api.w.org\/{rel}","templated":true}]}}