
{"id":16,"date":"2025-04-25T12:56:10","date_gmt":"2025-04-25T10:56:10","guid":{"rendered":"https:\/\/zsp5.edu.wroclaw.pl\/?page_id=16"},"modified":"2025-06-05T10:49:17","modified_gmt":"2025-06-05T08:49:17","slug":"o-nas","status":"publish","type":"page","link":"https:\/\/zsp5.edu.wroclaw.pl\/index.php\/o-nas\/","title":{"rendered":"O nas"},"content":{"rendered":"<div class=\"vc_wp_text wpb_content_element\">\n<div class=\"widget widget_text\">\n<div class=\"textwidget\">\n<p>29 wrze\u015bnia uroczy\u015bcie otwarto now\u0105 cz\u0119\u015b\u0107 ZSP nr 5 we Wroc\u0142awiu.<\/p>\n<p>Dzi\u0119ki rozbudowie i przebudowie budynku uczy si\u0119 w niej 270 uczni\u00f3w i 150 przedszkolak\u00f3w, kt\u00f3rzy do swojej dyspozycji maj\u0105 odpowiednio 10 i 6 sal, now\u0105 sal\u0119 gimnastyczn\u0105 kuchni\u0119 z jadalni\u0105, boisko, plac zabaw.<\/p>\n<p>Szko\u0142a Podstawowa nr 21 na ul. Osobowickiej zmieni\u0142a si\u0119 nie do poznania. Rozbudowali\u015bmy t\u0119 plac\u00f3wk\u0119 z my\u015bl\u0105 o najm\u0142odszych, jak i starszych dzieciach.<\/p>\n<p>W ramach inwestycji powsta\u0142o przedszkole dla 150 dzieci sk\u0142adaj\u0105ce si\u0119 m.in. z 6 sal, \u0142azienek, toalet, sali do rytmiki.<\/p>\n<p>W szkole powsta\u0142o 10 sal og\u00f3lnych, 3 pracownie: chemiczna, fizyczna i informatyczna, toalety, korytarze, szafki dla uczni\u00f3w, w\u0119ze\u0142 \u017cywienia z jadalni\u0105, a w nim m.in. wyposa\u017cona kuchnia, zmywalnie, magazyny, ch\u0142odnia.<\/p>\n<p>Wybudowana zosta\u0142a r\u00f3wnie\u017c sala gimnastyczna o wymiarach 18\u00d730 m do gry w pi\u0142k\u0119 r\u0119czn\u0105, koszyk\u00f3wk\u0119 czy siatk\u00f3wk\u0119, dwa place zabaw dla maluch\u00f3w oraz starszych dzieci oraz boisko sportowe do gry m.in. w pi\u0142k\u0119 no\u017cn\u0105.<\/p>\n<p>Budynek posiada ramp\u0119 dla os\u00f3b z niepe\u0142nosprawno\u015bciami i wind\u0119.<\/p>\n<p>Zamontowano instalacj\u0119 fotowoltaiczn\u0105 stanowi\u0105ca \u017ar\u00f3d\u0142o energii dla potrzeb budynku, zbiorniki wody deszczowej do podlewania teren\u00f3w oraz pomp\u0119 ciep\u0142a.<\/p>\n<p>Przed budynkiem powsta\u0142 parking na kilkana\u015bcie miejsc. Posadzono 38 drzew i wiele krzew\u00f3w.<\/p>\n<\/div>\n<\/div>\n<\/div>\n","protected":false},"excerpt":{"rendered":"<p>29 wrze\u015bnia uroczy\u015bcie otwarto now\u0105 cz\u0119\u015b\u0107 ZSP nr 5 we Wroc\u0142awiu. Dzi\u0119ki rozbudowie i przebudowie budynku uczy si\u0119 w niej 270 uczni\u00f3w i 150 przedszkolak\u00f3w, kt\u00f3rzy do swojej dyspozycji maj\u0105 [&hellip;]<\/p>\n","protected":false},"author":7,"featured_media":0,"parent":0,"menu_order":0,"comment_status":"closed","ping_status":"closed","template":"","meta":{"footnotes":""},"class_list":["post-16","page","type-page","status-publish","hentry","clearfix"],"_links":{"self":[{"href":"https:\/\/zsp5.edu.wroclaw.pl\/index.php\/wp-json\/wp\/v2\/pages\/16","targetHints":{"allow":["GET"]}}],"collection":[{"href":"https:\/\/zsp5.edu.wroclaw.pl\/index.php\/wp-json\/wp\/v2\/pages"}],"about":[{"href":"https:\/\/zsp5.edu.wroclaw.pl\/index.php\/wp-json\/wp\/v2\/types\/page"}],"author":[{"embeddable":true,"href":"https:\/\/zsp5.edu.wroclaw.pl\/index.php\/wp-json\/wp\/v2\/users\/7"}],"replies":[{"embeddable":true,"href":"https:\/\/zsp5.edu.wroclaw.pl\/index.php\/wp-json\/wp\/v2\/comments?post=16"}],"version-history":[{"count":1,"href":"https:\/\/zsp5.edu.wroclaw.pl\/index.php\/wp-json\/wp\/v2\/pages\/16\/revisions"}],"predecessor-version":[{"id":17,"href":"https:\/\/zsp5.edu.wroclaw.pl\/index.php\/wp-json\/wp\/v2\/pages\/16\/revisions\/17"}],"wp:attachment":[{"href":"https:\/\/zsp5.edu.wroclaw.pl\/index.php\/wp-json\/wp\/v2\/media?parent=16"}],"curies":[{"name":"wp","href":"https:\/\/api.w.org\/{rel}","templated":true}]}}