
{"id":240,"date":"2025-05-30T12:22:02","date_gmt":"2025-05-30T10:22:02","guid":{"rendered":"https:\/\/zsp5.edu.wroclaw.pl\/?page_id=240"},"modified":"2026-04-08T10:15:25","modified_gmt":"2026-04-08T08:15:25","slug":"stolowka-szkolna","status":"publish","type":"page","link":"https:\/\/zsp5.edu.wroclaw.pl\/index.php\/szkola-podstawowa\/stolowka-szkolna\/","title":{"rendered":"Sto\u0142\u00f3wka szkolna"},"content":{"rendered":"<div class=\"wpb-content-wrapper\"><p>[vc_row][vc_column][vc_column_text css=&#8221;&#8221;]<\/p>\n<div class=\"wp-block-image\"><\/div>\n<p><img loading=\"lazy\" decoding=\"async\" class=\"size-medium wp-image-1502 aligncenter\" src=\"https:\/\/zsp5.edu.wroclaw.pl\/wp-content\/uploads\/sites\/86\/2026\/01\/Naklejka-na-sciane-Stolowka-Szkolna-60x50cm-300x241.jpg\" alt=\"\" width=\"300\" height=\"241\" srcset=\"https:\/\/zsp5.edu.wroclaw.pl\/wp-content\/uploads\/sites\/86\/2026\/01\/Naklejka-na-sciane-Stolowka-Szkolna-60x50cm-300x241.jpg 300w, https:\/\/zsp5.edu.wroclaw.pl\/wp-content\/uploads\/sites\/86\/2026\/01\/Naklejka-na-sciane-Stolowka-Szkolna-60x50cm-768x617.jpg 768w, https:\/\/zsp5.edu.wroclaw.pl\/wp-content\/uploads\/sites\/86\/2026\/01\/Naklejka-na-sciane-Stolowka-Szkolna-60x50cm.jpg 801w\" sizes=\"auto, (max-width: 300px) 100vw, 300px\" \/><\/p>\n<h2 class=\"has-text-align-center has-large-font-size\" style=\"text-align: center\"><strong><em>Jad\u0142ospis<\/em><\/strong><\/h2>\n<p style=\"text-align: center\"><strong>od 08.04.2026r do 10.04.2026r<\/strong><\/p>\n<figure class=\"wp-block-table is-style-stripes\">\n<table class=\"has-black-color has-electric-grass-gradient-background has-text-color has-background\" style=\"width: 62.4703%;height: 792px\">\n<tbody>\n<tr style=\"height: 24px\">\n<td style=\"width: 10.3465%;height: 24px;text-align: center\"><strong><em>Data<\/em><\/strong><\/td>\n<td style=\"width: 88.7022%;height: 24px\"><strong><em>Obiad<\/em><\/strong><\/td>\n<\/tr>\n<tr style=\"height: 144px\">\n<td style=\"width: 10.3465%;height: 144px\"><\/td>\n<td style=\"width: 88.7022%\" width=\"633\"><\/td>\n<\/tr>\n<tr style=\"height: 200px\">\n<td style=\"width: 10.3465%;height: 200px\"><\/td>\n<td style=\"width: 88.7022%\" width=\"633\"><\/td>\n<\/tr>\n<tr style=\"height: 120px\">\n<td style=\"width: 10.3465%;height: 120px\"><strong>08.04.26r<\/strong><\/td>\n<td style=\"width: 88.7022%\" width=\"633\">Zupa krupnik (<strong>seler, mas\u0142o) <\/strong>natka, koper \u2013350ml<\/p>\n<p>placki ziemniaczane z <strong>polew\u0105 jogurtow\u0105<\/strong> 200\/100, mini marchewki na parze-90g, kompot wieloowocowy-200ml lub woda<\/p>\n<p>jab\u0142ko<\/td>\n<\/tr>\n<tr style=\"height: 144px\">\n<td style=\"width: 10.3465%;height: 144px\"><strong>08.04.26r<\/strong><\/td>\n<td style=\"width: 88.7022%\" width=\"633\">Ros\u00f3\u0142 z makaronem,<strong>( gluten),<\/strong> natka, (<strong>seler) <\/strong>\u2013 350ml<\/p>\n<p>Ryba miruna- 90g, ziemniaki z koperkiem \u2013 180g,sa\u0142atka szwedzka- 90g,woda do picia &#8211; 200<\/p>\n<p>Mus owocowy<\/td>\n<\/tr>\n<tr style=\"height: 160px\">\n<td style=\"width: 10.3465%;height: 160px\"><strong>10.04.26r<\/strong><\/td>\n<td style=\"width: 88.7022%;height: 160px\" width=\"643\">Zupa z cieciorki<strong>,<\/strong> natka, koper(<strong>seler, mas\u0142o) <\/strong>\u2013 350ml<\/p>\n<p>Makaron z <strong>bia\u0142ym serem<\/strong>&#8211; 180\/100, <strong>(gluten<\/strong>) woda do picia- 200ml<\/p>\n<p>banan<\/td>\n<\/tr>\n<\/tbody>\n<\/table>\n<\/figure>\n<p>&nbsp;<\/p>\n<p class=\"has-vivid-red-color has-text-color\"><strong><em>Zastrzega si\u0119 zmiany w jad\u0142ospisie.<\/em><\/strong><\/p>\n<p class=\"has-vivid-red-color has-text-color\"><strong>Zaznaczono w jad\u0142ospisie pogrubion\u0105 czcionk\u0105 alergeny wyst\u0119puj\u0105ce w produktach zgodnie z rozporz\u0105dzeniem 1169\/2011<\/strong><\/p>\n<p class=\"has-vivid-red-color has-text-color\"><strong>Alergeny mog\u0105 pojawi\u0107 si\u0119 w produktach w spos\u00f3b niezamierzony kt\u00f3re przedstawiono w za\u0142\u0105czniku do jad\u0142ospisu.<\/strong><\/p>\n<p><em><strong>Cena obiadu wynosi 10,00 z\u0142 (dziesi\u0119\u0107 00\/100 z\u0142otych).<\/strong><\/em><\/p>\n<p>W sytuacji wzrostu kosztu produkt\u00f3w do sporz\u0105dzania posi\u0142k\u00f3w zgodnie z normami \u017cywieniowymi, dopuszcza si\u0119 mo\u017cliwo\u015b\u0107 zmiany stawki \u017cywieniowej w ci\u0105gu roku szkolnego, po uprzednim uzgodnieniu z organem prowadz\u0105cym. Informacja o wprowadzonych zmianach przekazywana jest rodzicom co najmniej z miesi\u0119cznym wyprzedzeniem, w formie og\u0142oszenia na tablicy og\u0142osze\u0144 i stronie internetowej plac\u00f3wki<strong>.<\/strong><\/p>\n<p>Rodzic zobowi\u0105zuje si\u0119 do dokonywania wp\u0142aty do 15 dnia ka\u017cdego miesi\u0105ca, z g\u00f3ry (przyk\u0142ad: do 10 marca nale\u017cy dokona\u0107 wp\u0142aty za miesi\u0105c marzec), przelewem na indywidualny rachunek bankowy dziecka podawany w e-mailu z informacj\u0105 o odp\u0142atno\u015bci za \u017cywienie. Informacj\u0119 o indywidualnym rachunku bankowym dziecka mo\u017cna r\u00f3wnie\u017c uzyska\u0107 osobi\u015bcie u intendenta.<\/p>\n<p>Przelew\u00f3w dokonywa\u0107 mo\u017cna za po\u015brednictwem przelewu bankowego, wp\u0142aty poprzez Poczt\u0119 Polsk\u0105 lub wp\u0142aty bezpo\u015brednio w banku. W plac\u00f3wkach PKO BP wp\u0142aty przyjmowane s\u0105 bez prowizji.<\/p>\n<h3><strong>Za miesi\u0105c wrzesie\u0144 2024 rodzic zobowi\u0105zuje si\u0119 do dokonania wp\u0142aty<\/strong><\/h3>\n<ul>\n<li>W tre\u015bci przelewu nale\u017cy wpisa\u0107: <em>Imi\u0119 i nazwisko dziecka, klasa, miesi\u0105c<\/em><\/li>\n<\/ul>\n<ul class=\"wp-block-list\">\n<li>Termin dokonania p\u0142atno\u015bci oznacza dzie\u0144 wp\u0142ywu nale\u017cno\u015bci na rachunek bankowy dziecka. W przypadku nieterminowej wp\u0142aty b\u0119d\u0105 pobierane ustawowe odsetki.<\/li>\n<li>Nieobecno\u015b\u0107 dzieci na obiadach nale\u017cy zg\u0142asza\u0107 najp\u00f3\u017aniej w bie\u017c\u0105cym dniu do godziny 8:00 mailowo tylko na adres: \u00a0<a href=\"mailto:obiady.zsp5@wp.pl\" target=\"_blank\" rel=\"noreferrer noopener\">obiady.zsp5@wp.pl<\/a><\/li>\n<li>Wszystkie nieobecno\u015bci zg\u0142oszone z zachowaniem powy\u017cszego terminu zostan\u0105 odliczone od wp\u0142aty za kolejny miesi\u0105c.<\/li>\n<\/ul>\n<h3><strong>Nie b\u0119d\u0105 odliczane nieobecno\u015bci niezg\u0142oszone lub zg\u0142oszone po terminie<\/strong><\/h3>\n<ul class=\"wp-block-list\">\n<li>Je\u015bli dzieci uczestnicz\u0105 w wycieczce (wyj\u015bciu), to odliczenie odbywa si\u0119 na podstawie listy sporz\u0105dzonej przez nauczyciela lub organizatora wycieczki (wyj\u015bcia).<\/li>\n<li>W dni wolne od zaj\u0119\u0107 lekcyjnych sto\u0142\u00f3wka jest nieczynna.<\/li>\n<li>Comiesi\u0119czna informacja o wysoko\u015bci nale\u017cnej op\u0142aty b\u0119dzie przekazywana rodzicowi w terminie do 5 dnia bie\u017c\u0105cego miesi\u0105ca za po\u015brednictwem poczty elektronicznej, na wskazany w umowie adres e-mail oraz dodatkowo mo\u017cna j\u0105 uzyska\u0107 pod numerem telefonu 71\u00a0798 69 28 wew. 113<\/li>\n<li>Po zako\u0144czeniu umowy o korzystanie z obiad\u00f3w w sto\u0142\u00f3wce szkolnej, ewentualne nadp\u0142aty szko\u0142a przeka\u017ce na poni\u017cej podany rachunek bankowy rodzica:<\/li>\n<\/ul>\n<hr \/>\n<h2>Dodatkowe informacje oraz umowa dost\u0119pna w za\u0142\u0105czniku:<\/h2>\n<div class=\"wp-block-file\"><span style=\"font-size: 14px\"><a href=\"https:\/\/zsp5.edu.wroclaw.pl\/wp-content\/uploads\/sites\/86\/2025\/06\/umowa-2024-SP21.docx\" target=\"_blank\" rel=\"noopener\">Umowa 2024 SP21.docx (23 KB)<\/a><\/span><\/div>\n<p><span style=\"font-size: 14px\"><a href=\"https:\/\/zsp5.edu.wroclaw.pl\/wp-content\/uploads\/sites\/86\/2025\/06\/alergeny.pdf\" target=\"_blank\" rel=\"noopener\">Lista alergen\u00f3w.pdf (56 KB)<\/a><\/span><\/p>\n<div class=\"wp-block-file\"><a href=\"https:\/\/zsp5.edu.wroclaw.pl\/wp-content\/uploads\/sites\/86\/2025\/06\/REGULAMIN-STOLOWKI-SZKOLNEJ-W-ZESPOLE-1.doc\" target=\"_blank\" rel=\"noopener\"><span style=\"font-size: 14px\">Regulamin sto\u0142\u00f3wki szkolnej w zespole.doc (33 KB)<\/span><\/a><\/div>\n<p>[\/vc_column_text][\/vc_column][\/vc_row]<\/p>\n<\/div>","protected":false},"excerpt":{"rendered":"<p>[vc_row][vc_column][vc_column_text css=&#8221;&#8221;] Jad\u0142ospis od 08.04.2026r do 10.04.2026r Data Obiad 08.04.26r Zupa krupnik (seler, mas\u0142o) natka, koper \u2013350ml placki ziemniaczane z polew\u0105 jogurtow\u0105 200\/100, mini marchewki na parze-90g, kompot wieloowocowy-200ml lub [&hellip;]<\/p>\n","protected":false},"author":7,"featured_media":0,"parent":59,"menu_order":0,"comment_status":"closed","ping_status":"closed","template":"","meta":{"footnotes":""},"class_list":["post-240","page","type-page","status-publish","hentry","clearfix"],"_links":{"self":[{"href":"https:\/\/zsp5.edu.wroclaw.pl\/index.php\/wp-json\/wp\/v2\/pages\/240","targetHints":{"allow":["GET"]}}],"collection":[{"href":"https:\/\/zsp5.edu.wroclaw.pl\/index.php\/wp-json\/wp\/v2\/pages"}],"about":[{"href":"https:\/\/zsp5.edu.wroclaw.pl\/index.php\/wp-json\/wp\/v2\/types\/page"}],"author":[{"embeddable":true,"href":"https:\/\/zsp5.edu.wroclaw.pl\/index.php\/wp-json\/wp\/v2\/users\/7"}],"replies":[{"embeddable":true,"href":"https:\/\/zsp5.edu.wroclaw.pl\/index.php\/wp-json\/wp\/v2\/comments?post=240"}],"version-history":[{"count":26,"href":"https:\/\/zsp5.edu.wroclaw.pl\/index.php\/wp-json\/wp\/v2\/pages\/240\/revisions"}],"predecessor-version":[{"id":2097,"href":"https:\/\/zsp5.edu.wroclaw.pl\/index.php\/wp-json\/wp\/v2\/pages\/240\/revisions\/2097"}],"up":[{"embeddable":true,"href":"https:\/\/zsp5.edu.wroclaw.pl\/index.php\/wp-json\/wp\/v2\/pages\/59"}],"wp:attachment":[{"href":"https:\/\/zsp5.edu.wroclaw.pl\/index.php\/wp-json\/wp\/v2\/media?parent=240"}],"curies":[{"name":"wp","href":"https:\/\/api.w.org\/{rel}","templated":true}]}}