
{"id":251,"date":"2025-06-03T10:37:15","date_gmt":"2025-06-03T08:37:15","guid":{"rendered":"https:\/\/zsp5.edu.wroclaw.pl\/?page_id=251"},"modified":"2025-10-06T20:12:19","modified_gmt":"2025-10-06T18:12:19","slug":"kalendarz","status":"publish","type":"page","link":"https:\/\/zsp5.edu.wroclaw.pl\/index.php\/szkola-podstawowa\/kalendarz\/","title":{"rendered":"Kalendarz"},"content":{"rendered":"<div class=\"wpb-content-wrapper\"><p>[vc_row][vc_column css=&#8221;.vc_custom_1748940637858{background-color: #00366C !important;}&#8221;][vc_tta_accordion gap=&#8221;1&#8243; c_icon=&#8221;chevron&#8221; active_section=&#8221;1&#8243;][vc_tta_section title=&#8221;Kalendarz roku szkolnego 2025\/2026&#8243; tab_id=&#8221;1748939255806-35a19d14-a0e1&#8243;][vc_column_text css=&#8221;&#8221;]<\/p>\n<h2 style=\"text-align: center\"><span style=\"color: #5e5e5e\">Kalendarz roku szkolnego 2025\/2026<\/span><\/h2>\n<figure class=\"wp-block-table\">\n<table data-tablestyle=\"MsoTableGrid\" data-tablelook=\"1184\">\n<tbody>\n<tr>\n<td data-celllook=\"4369\"><span data-contrast=\"auto\">1 wrze\u015bnia 2025 r.<\/span><span data-ccp-props=\"{}\">\u00a0<\/span><\/td>\n<td data-celllook=\"4369\"><span data-contrast=\"auto\">Rozpocz\u0119cie zaj\u0119\u0107 dydaktyczno \u2014 wychowawczych<\/span><span data-ccp-props=\"{}\">\u00a0<\/span><\/td>\n<\/tr>\n<tr>\n<td data-celllook=\"4369\"><span data-contrast=\"auto\">14 pa\u017adziernika 2025 r.<\/span><span data-ccp-props=\"{}\">\u00a0<\/span><\/td>\n<td data-celllook=\"4369\"><span data-contrast=\"auto\">Dzie\u0144 Edukacji Narodowej<\/span><span data-ccp-props=\"{}\">\u00a0<\/span><\/td>\n<\/tr>\n<tr>\n<td data-celllook=\"4369\"><span data-contrast=\"auto\">14 pa\u017adziernika 2025 r.<\/span><span data-ccp-props=\"{}\">\u00a0<\/span><\/td>\n<td data-celllook=\"4369\"><span data-contrast=\"auto\">Pasowanie na ucznia I klasy\u00a0<\/span><span data-ccp-props=\"{}\">\u00a0<\/span><\/td>\n<\/tr>\n<tr>\n<td data-celllook=\"4369\"><span data-contrast=\"auto\">28 listopada 2025 r.<\/span><span data-ccp-props=\"{}\">\u00a0<\/span><\/td>\n<td data-celllook=\"4369\"><span data-contrast=\"auto\">80- lecie szko\u0142y<\/span><span data-ccp-props=\"{}\">\u00a0<\/span><\/td>\n<\/tr>\n<tr>\n<td data-celllook=\"4369\"><span data-contrast=\"auto\">7 listopada 2025 r.\u00a0<\/span><span data-ccp-props=\"{}\">\u00a0<\/span><\/td>\n<td data-celllook=\"4369\"><span data-contrast=\"auto\">Narodowe \u015awi\u0119to Niepodleg\u0142o\u015bci- uroczysty apel<\/span><span data-ccp-props=\"{}\">\u00a0<\/span><\/td>\n<\/tr>\n<tr>\n<td data-celllook=\"4369\"><span data-contrast=\"auto\">22 grudnia \u2013 31 grudnia 2025 r.<\/span><span data-ccp-props=\"{}\">\u00a0<\/span><\/td>\n<td data-celllook=\"4369\"><span data-contrast=\"auto\">Zimowa przerwa \u015bwi\u0105teczna<\/span><span data-ccp-props=\"{}\">\u00a0<\/span><\/td>\n<\/tr>\n<tr>\n<td data-celllook=\"4369\"><span data-contrast=\"auto\">\u00a016 grudnia 2025 r.<\/span><span data-ccp-props=\"{}\">\u00a0<\/span><\/td>\n<td data-celllook=\"4369\"><span data-contrast=\"auto\">Wystawianie propozycji ocen z przedmiot\u00f3w i zachowania\u00a0<\/span><span data-ccp-props=\"{}\">\u00a0<\/span><\/td>\n<\/tr>\n<tr>\n<td data-celllook=\"4369\"><span data-contrast=\"auto\">26 stycznia 2026 r.<\/span><span data-ccp-props=\"{}\">\u00a0<\/span><\/td>\n<td data-celllook=\"4369\"><span data-contrast=\"auto\">Wystawienie ostatecznych ocen na I p\u00f3\u0142rocze<\/span><span data-ccp-props=\"{}\">\u00a0<\/span><\/td>\n<\/tr>\n<tr>\n<td data-celllook=\"4369\"><span data-contrast=\"auto\">28 stycznia 2026 r.<\/span><span data-ccp-props=\"{}\">\u00a0<\/span><\/td>\n<td data-celllook=\"4369\"><span data-contrast=\"auto\">Rada klasyfikacyjna<\/span><span data-ccp-props=\"{}\">\u00a0<\/span><\/td>\n<\/tr>\n<tr>\n<td data-celllook=\"4369\"><span data-contrast=\"auto\">2\u201315 lutego 2026 r.<\/span><span data-ccp-props=\"{}\">\u00a0<\/span><\/td>\n<td data-celllook=\"4369\"><span data-contrast=\"auto\">Ferie zimowe<\/span><span data-ccp-props=\"{}\">\u00a0<\/span><\/td>\n<\/tr>\n<tr>\n<td data-celllook=\"4369\"><span data-contrast=\"auto\">2\u20137 kwietnia 2026 r.<\/span><span data-ccp-props=\"{}\">\u00a0<\/span><\/td>\n<td data-celllook=\"4369\"><span data-contrast=\"auto\">Wiosenna przerwa \u015bwi\u0105teczna<\/span><span data-ccp-props=\"{}\">\u00a0<\/span><\/td>\n<\/tr>\n<tr>\n<td data-celllook=\"4369\"><span data-contrast=\"auto\">30 kwietnia 2026r<\/span><span data-ccp-props=\"{}\">\u00a0<\/span><\/td>\n<td data-celllook=\"4369\"><span data-contrast=\"auto\">\u015awi\u0119ta majowe- uroczysty apel<\/span><span data-ccp-props=\"{}\">\u00a0<\/span><\/td>\n<\/tr>\n<tr>\n<td data-celllook=\"4369\"><span data-contrast=\"auto\">13 maja 2026 r.<\/span><span data-ccp-props=\"{}\">\u00a0<\/span><\/td>\n<td data-celllook=\"4369\"><span data-contrast=\"auto\">Wystawianie propozycji ocen z przedmiot\u00f3w i zachowania<\/span><span data-ccp-props=\"{}\">\u00a0<\/span><\/td>\n<\/tr>\n<tr>\n<td data-celllook=\"4369\"><span data-contrast=\"auto\">11 \u2013 13 maja 2026 r.\u00a0<\/span><span data-ccp-props=\"{}\">\u00a0<\/span><\/td>\n<td data-celllook=\"4369\"><span data-contrast=\"auto\">Egzamin \u00f3smoklasisty\u00a0<\/span><span data-ccp-props=\"{}\">\u00a0<\/span><\/td>\n<\/tr>\n<tr>\n<td data-celllook=\"4369\"><span data-contrast=\"auto\">15 czerwca 2025 r.<\/span><span data-ccp-props=\"{}\">\u00a0<\/span><\/td>\n<td data-celllook=\"4369\"><span data-contrast=\"auto\">Wystawienie ostatecznych ocen ko\u0144coworocznych<\/span><span data-ccp-props=\"{}\">\u00a0<\/span><\/td>\n<\/tr>\n<tr>\n<td data-celllook=\"4369\"><span data-contrast=\"auto\">17 czerwca 2025 r.<\/span><span data-ccp-props=\"{}\">\u00a0<\/span><\/td>\n<td data-celllook=\"4369\"><span data-contrast=\"auto\">Rada klasyfikacyjna<\/span><span data-ccp-props=\"{}\">\u00a0<\/span><\/td>\n<\/tr>\n<tr>\n<td data-celllook=\"4369\"><span data-contrast=\"auto\">26 czerwca 2026 r.\u00a0<\/span><span data-ccp-props=\"{}\">\u00a0<\/span><\/td>\n<td data-celllook=\"4369\"><span data-contrast=\"auto\">Zako\u0144czenie zaj\u0119\u0107 dydaktyczno \u2013 wychowawczych\u00a0<\/span><span data-ccp-props=\"{}\">\u00a0<\/span><\/td>\n<\/tr>\n<tr>\n<td data-celllook=\"4369\"><span data-contrast=\"auto\">27 czerwca \u2013 31 sierpnia 2026 r.<\/span><\/td>\n<td data-celllook=\"4369\"><span data-contrast=\"auto\">Ferie letnie<\/span><span data-ccp-props=\"{}\">\u00a0<\/span><\/td>\n<\/tr>\n<\/tbody>\n<\/table>\n<\/figure>\n<p>[\/vc_column_text][\/vc_tta_section][vc_tta_section title=&#8221;Zebrania z rodzicami&#8221; tab_id=&#8221;1748939255815-0d3f7f28-7f51&#8243;][vc_column_text css=&#8221;&#8221;]<span data-contrast=\"auto\">10 wrze\u015bnia\u00a02025 r. \u2013 \u015broda \u2013 zebrania klasy I-VIII<\/span><span data-ccp-props=\"{&quot;201341983&quot;:0,&quot;335559739&quot;:0,&quot;335559740&quot;:240}\">\u00a0<\/span><\/p>\n<p><span data-contrast=\"auto\">17 grudnia 2025 r.\u00a0 \u2013 \u015broda &#8211; zebrania \u2013 powiadomienie o propozycjach ocen oraz zagro\u017ceniach ocen\u0105 niedostateczn\u0105 z przedmiot\u00f3w i ocen\u0105 nagann\u0105\u00a0z zachowania I-VIII<\/span><span data-ccp-props=\"{&quot;201341983&quot;:0,&quot;335559739&quot;:0,&quot;335559740&quot;:240}\">\u00a0<\/span><\/p>\n<p><span data-contrast=\"auto\">13 maja 2026 r. \u2013 \u015broda \u2013 zebrania &#8211; powiadomienie o propozycjach ocen oraz zagro\u017ceniach ocen\u0105 niedostateczn\u0105 z przedmiot\u00f3w i ocen\u0105 nagann\u0105\u00a0z zachowania I-VIII<\/span><span data-ccp-props=\"{&quot;201341983&quot;:0,&quot;335559739&quot;:0,&quot;335559740&quot;:240}\">\u00a0<\/span><\/p>\n<p><span data-ccp-props=\"{&quot;201341983&quot;:0,&quot;335559739&quot;:0,&quot;335559740&quot;:240}\">\u00a0<\/span>[\/vc_column_text][\/vc_tta_section][vc_tta_section title=&#8221;Dni wolne od zaj\u0119\u0107 dydaktycznych \u2013 szko\u0142a prowadzi zaj\u0119cia opieku\u0144czo \u2013 wychowawcze&#8221; tab_id=&#8221;1748939563733-d76d3e57-d1a8&#8243;][vc_column_text css=&#8221;&#8221;]<\/p>\n<h2 style=\"text-align: center\"><span style=\"color: #5e5e5e\">Dni wolne od zaj\u0119\u0107 dydaktycznych \u2013 szko\u0142a prowadzi zaj\u0119cia opieku\u0144czo \u2013 wychowawcze<\/span><\/h2>\n<p><span data-contrast=\"auto\">14 pa\u017adziernika 2025 r. &#8211; wtorek<\/span><span data-ccp-props=\"{&quot;201341983&quot;:0,&quot;335559739&quot;:0,&quot;335559740&quot;:240}\">\u00a0<\/span><\/p>\n<p><span data-contrast=\"auto\">10 listopada 2025 r. &#8211; poniedzia\u0142ek<\/span><span data-ccp-props=\"{&quot;201341983&quot;:0,&quot;335559739&quot;:0,&quot;335559740&quot;:240}\">\u00a0<\/span><\/p>\n<p><span data-contrast=\"auto\">28 listopada 2025 r. &#8211; pi\u0105tek<\/span><span data-ccp-props=\"{&quot;201341983&quot;:0,&quot;335559739&quot;:0,&quot;335559740&quot;:240}\">\u00a0<\/span><\/p>\n<p><span data-contrast=\"auto\">2 stycznia 2026 r. \u2013 pi\u0105tek<\/span><span data-ccp-props=\"{&quot;201341983&quot;:0,&quot;335559739&quot;:0,&quot;335559740&quot;:240}\">\u00a0<\/span><\/p>\n<p><span data-contrast=\"auto\">11-13 maja 2026 r. \u2013\u00a0\u00a0 Egzamin \u00f3smoklasisty\u00a0<\/span><span data-ccp-props=\"{&quot;201341983&quot;:0,&quot;335559739&quot;:0,&quot;335559740&quot;:240}\">\u00a0<\/span><\/p>\n<p><span data-contrast=\"auto\">5 czerwca 2026<\/span><span data-ccp-props=\"{&quot;201341983&quot;:0,&quot;335559739&quot;:0,&quot;335559740&quot;:240}\"> r. &#8211; pi\u0105tek<\/span>[\/vc_column_text][\/vc_tta_section][vc_tta_section title=&#8221;Dni wolne od zaj\u0119\u0107 dydaktyczno-wychowawczych \u2013 szko\u0142a nie prowadzi \u017cadnego rodzaju zaj\u0119\u0107&#8221; tab_id=&#8221;1748939674187-5bcfe583-54f7&#8243;][vc_column_text css=&#8221;&#8221;]<\/p>\n<h2 style=\"text-align: center\"><span style=\"color: #5e5e5e\">Dni wolne od zaj\u0119\u0107 dydaktyczno-wychowawczych \u2013 szko\u0142a nie prowadzi \u017cadnego rodzaju zaj\u0119\u0107<\/span><\/h2>\n<p>&nbsp;<\/p>\n<p>11 listopada 2024 r. \u2013 wtorek\u2013 Dzie\u0144 Niepodleg\u0142o\u015bci<\/p>\n<p>6 stycznia 2025 r. \u2013 wtorek\u2013 Trzech Kr\u00f3li<\/p>\n<p>1 maja 2025 r.- pi\u0105tek\u2013 \u015awi\u0119to Pracy<\/p>\n<p>19 czerwca 2025 r. \u2013 pi\u0105tek \u2013 Bo\u017ce Cia\u0142o[\/vc_column_text][\/vc_tta_section][\/vc_tta_accordion][\/vc_column][\/vc_row]<\/p>\n<\/div>","protected":false},"excerpt":{"rendered":"<p>[vc_row][vc_column css=&#8221;.vc_custom_1748940637858{background-color: #00366C !important;}&#8221;][vc_tta_accordion gap=&#8221;1&#8243; c_icon=&#8221;chevron&#8221; active_section=&#8221;1&#8243;][vc_tta_section title=&#8221;Kalendarz roku szkolnego 2025\/2026&#8243; tab_id=&#8221;1748939255806-35a19d14-a0e1&#8243;][vc_column_text css=&#8221;&#8221;] Kalendarz roku szkolnego 2025\/2026 1 wrze\u015bnia 2025 r.\u00a0 Rozpocz\u0119cie zaj\u0119\u0107 dydaktyczno \u2014 wychowawczych\u00a0 14 pa\u017adziernika 2025 r.\u00a0 [&hellip;]<\/p>\n","protected":false},"author":7,"featured_media":0,"parent":59,"menu_order":0,"comment_status":"closed","ping_status":"closed","template":"","meta":{"footnotes":""},"class_list":["post-251","page","type-page","status-publish","hentry","clearfix"],"_links":{"self":[{"href":"https:\/\/zsp5.edu.wroclaw.pl\/index.php\/wp-json\/wp\/v2\/pages\/251","targetHints":{"allow":["GET"]}}],"collection":[{"href":"https:\/\/zsp5.edu.wroclaw.pl\/index.php\/wp-json\/wp\/v2\/pages"}],"about":[{"href":"https:\/\/zsp5.edu.wroclaw.pl\/index.php\/wp-json\/wp\/v2\/types\/page"}],"author":[{"embeddable":true,"href":"https:\/\/zsp5.edu.wroclaw.pl\/index.php\/wp-json\/wp\/v2\/users\/7"}],"replies":[{"embeddable":true,"href":"https:\/\/zsp5.edu.wroclaw.pl\/index.php\/wp-json\/wp\/v2\/comments?post=251"}],"version-history":[{"count":9,"href":"https:\/\/zsp5.edu.wroclaw.pl\/index.php\/wp-json\/wp\/v2\/pages\/251\/revisions"}],"predecessor-version":[{"id":566,"href":"https:\/\/zsp5.edu.wroclaw.pl\/index.php\/wp-json\/wp\/v2\/pages\/251\/revisions\/566"}],"up":[{"embeddable":true,"href":"https:\/\/zsp5.edu.wroclaw.pl\/index.php\/wp-json\/wp\/v2\/pages\/59"}],"wp:attachment":[{"href":"https:\/\/zsp5.edu.wroclaw.pl\/index.php\/wp-json\/wp\/v2\/media?parent=251"}],"curies":[{"name":"wp","href":"https:\/\/api.w.org\/{rel}","templated":true}]}}