
{"id":260,"date":"2025-06-03T11:54:24","date_gmt":"2025-06-03T09:54:24","guid":{"rendered":"https:\/\/zsp5.edu.wroclaw.pl\/?page_id=260"},"modified":"2026-01-28T17:14:46","modified_gmt":"2026-01-28T16:14:46","slug":"kadra","status":"publish","type":"page","link":"https:\/\/zsp5.edu.wroclaw.pl\/index.php\/szkola-podstawowa\/kadra\/","title":{"rendered":"Kadra"},"content":{"rendered":"<div class=\"wpb-content-wrapper\"><p>[vc_row][vc_column css=&#8221;.vc_custom_1748944551206{background-color: #00366C !important;}&#8221;][vc_tta_accordion gap=&#8221;1&#8243; c_icon=&#8221;chevron&#8221; active_section=&#8221;1&#8243;][vc_tta_section title=&#8221;Kadra&#8221; tab_id=&#8221;1748943401784-a18f9538-8724&#8243;][vc_column_text css=&#8221;&#8221;]<strong class=\"capitel\">Dyrekcja<\/strong><br \/>\n<em>Dyrektor:<\/em>\u00a0<strong>Jerzy Podg\u00f3rski<\/strong><\/p>\n<p><em>Wicedyrektorzy:<\/em><br \/>\n<strong>Iwona Szymanowicz<\/strong>\u00a0\u2013 wicedyrektor ds szko\u0142y,\u00a0<strong>Agnieszka \u017bo\u0142ud\u00a0<\/strong>\u2013\u00a0wicedyrektor ds\u00a0przedszkola<\/p>\n<p><strong class=\"capitel\">Sekretariat<\/strong>:<\/p>\n<p>Specjalista do spraw kadr:\u00a0<strong>Renata Krzysztan<\/strong><\/p>\n<p>Sekretarz szko\u0142y ds. uczni\u00f3w:\u00a0<strong>Justyna J\u0119draszek<\/strong><br \/>\n<a href=\"mailto:justyna.jedraszek@wroclawskaedukacja.pl\">justyna.jedraszek@wroclawskaedukacja.pl<\/a><\/p>\n<p>Kierownik gospodarczy:\u00a0<strong>El\u017cbieta O\u017c\u00f3g<\/strong><br \/>\n<a href=\"mailto:elzbieta.ozog@wroclawskaedukacja.pl\">elzbieta.ozog@wroclawskaedukacja.pl<\/a><\/p>\n<p>Specjalista ds. administracyjnych:\u00a0<strong>Joanna B\u0105k<\/strong><br \/>\n<a href=\"mailto:joanna.bak@wroclawskaedukacja.pl\">joanna.bak@wroclawskaedukacja.pl<\/a><\/p>\n<figure class=\"wp-block-table is-style-regular\">\n<table style=\"width: 35%\">\n<tbody>\n<tr>\n<td>Poniedzia\u0142ek-Pi\u0105tek<\/td>\n<td>7:00-15:00<\/td>\n<\/tr>\n<\/tbody>\n<\/table>\n<\/figure>\n<p><strong class=\"capitel\">\u015awietlica szkolna<\/strong>:<br \/>\n<strong>Sylwia Tompalska, Sylwia Pej\u015b, Marta Dolata<\/strong>,\u00a0<strong>Ilona Trzci\u0144ska, Magdalena Matysek, Pawe\u0142 Bech<\/strong><\/p>\n<figure class=\"wp-block-table is-style-regular\">\n<table style=\"width: 35%\">\n<tbody>\n<tr>\n<td>Poniedzia\u0142ek-Pi\u0105tek<\/td>\n<td>6:30-17:00<\/td>\n<\/tr>\n<\/tbody>\n<\/table>\n<\/figure>\n<p><strong class=\"capitel\">Pedagog szkolny \u2013 Marzena Ko\u0142acz<\/strong><\/p>\n<figure class=\"wp-block-table is-style-regular\">\n<table style=\"width: 47.0104%;height: 456px\">\n<tbody>\n<tr style=\"height: 106px\">\n<td style=\"width: 43.9246%;height: 106px\">Poniedzia\u0142ek<\/td>\n<td style=\"width: 86.8446%;height: 106px\">8.50- 9.50<\/p>\n<p>11.30-13.40<\/td>\n<\/tr>\n<tr style=\"height: 48px\">\n<td style=\"width: 43.9246%;height: 48px\">Wtorek<\/td>\n<td style=\"width: 86.8446%;height: 48px\">10.45- 15.15<\/td>\n<\/tr>\n<tr style=\"height: 140px\">\n<td style=\"width: 43.9246%;height: 140px\">\u015aroda<\/td>\n<td style=\"width: 86.8446%;height: 140px\">8.00- 8.45<\/p>\n<p>9.50- 11.50<\/p>\n<p>12.45-15.15<\/td>\n<\/tr>\n<tr style=\"height: 66px\">\n<td style=\"width: 43.9246%;height: 66px\">Czwartek<\/td>\n<td style=\"width: 86.8446%;height: 66px\">9.50-11.50<\/p>\n<p>12.45-15.15<\/td>\n<\/tr>\n<tr style=\"height: 96px\">\n<td style=\"width: 43.9246%;height: 96px\">Pi\u0105tek<\/td>\n<td style=\"width: 86.8446%;height: 96px\">8.00- 8.45<\/p>\n<p>9.50-13.40<\/td>\n<\/tr>\n<\/tbody>\n<\/table>\n<\/figure>\n<p><strong>Psycholog szkolny \u2013 Marta Dudzik<\/strong><\/p>\n<figure class=\"wp-block-table is-style-regular\">\n<table style=\"width: 35%;height: 435px\">\n<tbody>\n<tr style=\"height: 48px\">\n<td style=\"height: 63px\">Poniedzia\u0142ek<\/td>\n<td style=\"height: 63px\">7:15-12:40<\/td>\n<\/tr>\n<tr style=\"height: 144px\">\n<td style=\"height: 79px\">Wtorek<\/td>\n<td style=\"height: 79px\">7:20-11:45<\/p>\n<p>13:30-13:40<\/td>\n<\/tr>\n<tr style=\"height: 197px\">\n<td style=\"height: 81px\">\u015aroda<\/td>\n<td style=\"height: 81px\">7:20-7:55<\/p>\n<p>8:55-11:40<\/p>\n<p>14:25-14:55<\/td>\n<\/tr>\n<tr style=\"height: 208px\">\n<td style=\"height: 164px\">Czwartek<\/td>\n<td style=\"height: 164px\">7:15-8:00<\/p>\n<p>8:45-11:35<\/p>\n<p>12:35-13:40<\/td>\n<\/tr>\n<tr style=\"height: 48px\">\n<td style=\"height: 48px\">Pi\u0105tek<\/td>\n<td style=\"height: 48px\">8:00-11:30<\/td>\n<\/tr>\n<\/tbody>\n<\/table>\n<\/figure>\n<p><strong>Psycholog do spraw przedszkolnych \u2013 Joanna \u015alebioda<\/strong><\/p>\n<p><strong class=\"capitel\">Piel\u0119gniarka szkolna<\/strong><\/p>\n<p><strong><strong class=\"capitel\">Ewa Gurkowska<\/strong><\/strong><\/p>\n<figure class=\"wp-block-table is-style-regular\">\n<table style=\"width: 35%\">\n<tbody>\n<tr>\n<td width=\"30%\">Wtorek<\/td>\n<td>7:50-11:50<\/td>\n<\/tr>\n<tr>\n<td width=\"30%\">Czwartek<\/td>\n<td>7:50-15:25<\/td>\n<\/tr>\n<\/tbody>\n<\/table>\n<\/figure>\n<p>[\/vc_column_text][\/vc_tta_section][vc_tta_section title=&#8221;Wychowawcy klas&#8221; tab_id=&#8221;1748943980249-4079a9e5-6eb3&#8243;][vc_column_text css=&#8221;&#8221;]<\/p>\n<h2><span style=\"color: #5e5e5e\">Wychowawcy klas:<\/span><\/h2>\n<ul>\n<li>Klasa Ia: <strong>Katarzyna Krasucka<\/strong><\/li>\n<li>Klasa Ib: <strong>Agata Babi\u0144ska<\/strong><\/li>\n<li>Klasa IIa: <strong>Dorota Broniszewska<\/strong><\/li>\n<li>Klasa IIb: <strong>Anna Magier<\/strong><\/li>\n<li>Klasa IIc: <strong>Urszula Cicho\u0144<\/strong><\/li>\n<li>Klasa IIIa: <strong>Patrycja Baczma\u0144ska<\/strong><\/li>\n<li>Klasa IIIb: <strong>Agata Miniach &#8211; Jerzyk<\/strong><\/li>\n<li>Klasa IVa <strong>Marta Braciak<\/strong><\/li>\n<li>Klasa IVb <strong>Piotr Gnyszka<\/strong><\/li>\n<li>Klasa Va: <strong>Ilona Trzci\u0144ska<\/strong><\/li>\n<li>Klasa Vb: <strong>Maria Kaczmarska<\/strong><\/li>\n<li>Klasa VIa: <strong>Aleksandra Kr\u00f3l<\/strong><\/li>\n<li>Klasa VIb: <strong>Zuzanna Furman<\/strong><\/li>\n<li>Klasa VIIa: <strong>Renata Cierpia\u0142 &#8211; Ma\u0142asiewicz<\/strong><\/li>\n<li>Klasa VIIb: <strong>Klaudia Grzyb<\/strong><\/li>\n<li>Klasa VIIIa: <strong>Marzena Pieprzowska<\/strong><\/li>\n<li>Klasa VIIIb: <strong>Emilia Achci\u0144ska<\/strong><\/li>\n<li><\/li>\n<\/ul>\n<p>[\/vc_column_text][\/vc_tta_section][vc_tta_section title=&#8221;Nauczyciele&#8221; tab_id=&#8221;1748944203223-4819d4c1-fcbb&#8221;][vc_column_text css=&#8221;&#8221;]<\/p>\n<h2><span style=\"color: #5e5e5e\">Nauczyciele<\/span><\/h2>\n<ul>\n<li><strong>Adrianna \u0141ach:\u00a0<\/strong>nauczyciel wspomagaj\u0105cy<\/li>\n<li><strong>Agata Babi\u0144ska<\/strong>: wychowanie przedszkolne, edukacja wczesnoszkolna<\/li>\n<li><strong>Agata Miniach-Jerzyk:<\/strong> wychowanie przedszkolne, edukacja wczesnoszkolna<\/li>\n<li><strong>Agnieszka \u017bo\u0142ud<\/strong>: wychowanie przedszkolne<\/li>\n<li><strong>Agnieszka Janczyn:<\/strong> religia<\/li>\n<li><strong>Agnieszka Kamykowska:<\/strong> nauczyciel wspomagaj\u0105cy, nauczyciel \u015bwietlicy<\/li>\n<li><strong>Aleksandra Karkowska<\/strong>: nauczyciel muzyki i techniki<\/li>\n<li><strong>Alicja Tocicka<\/strong>: nauczyciel j\u0119zyka polskiego<\/li>\n<li><strong>Aleksandra Kr\u00f3l<\/strong> &#8211; nauczyciel j\u0119zyka angielskiego i geografii<\/li>\n<li><strong>Anna Kr\u00f6kel<\/strong>:\u00a0nauczyciel j\u0119zyka niemieckiego<\/li>\n<li><strong>Anna Magier<\/strong>: edukacja wczesnoszkolna, nauczyciel przyrody<\/li>\n<li><strong>Beata \u0141omnicka<\/strong>: nauczyciel wspomagaj\u0105cy<\/li>\n<li><strong>Cyprian Paw\u0142owski<\/strong>: nauczyciel przyrody, biologii, chemii<\/li>\n<li><strong>Dorota Broniszewska<\/strong>: nauczyciel edukacji wczesnoszkolnej, historii<\/li>\n<li><strong>Emilia Achci\u0144ska<\/strong> &#8211; nauczyciel j\u0119zyka polskiego<\/li>\n<li><strong>Ilona Trzci\u0144ska<\/strong>: nauczyciel j\u0119zyka polskiego, logopeda<\/li>\n<li><strong>Iwona Szymanowicz<\/strong>: nauczyciel matematyki<\/li>\n<li><strong>Jan Taczy\u0144sk<\/strong>i: nauczyciel geografii<\/li>\n<li><strong>Joanna Ma\u0142ek:<\/strong> nauczyciel angielskiego<\/li>\n<li><strong>Joanna \u015alebioda:<\/strong> psycholog do spraw przedszkolnych<\/li>\n<li><strong>Katarzyna Krasucka<\/strong>: nauczyciel edukacji wczesnoszkolnej, wychowanie przedszkolne<\/li>\n<li><strong>Klaudia Grzyb<\/strong>: nauczyciel wychowania fizycznego, gimnastyka korekcyjna<\/li>\n<li><strong>Maciej Chomicz:<\/strong> nauczyciel wiedzy o spo\u0142ecze\u0144stwie i wychowania do \u017cycia w rodzinie<\/li>\n<li><strong>Magdalena Szewczyk:<\/strong> nauczyciel neurologopeda<\/li>\n<li><strong>Ma\u0142gorzata Gorczycka<\/strong>: nauczyciel edukacji dla bezpiecze\u0144stwa<\/li>\n<li><strong>Ma\u0142gorzata Guzikowska<\/strong>: nauczyciel informatyki, biblioteka<\/li>\n<li><strong>Maria Kaczmarska:<\/strong>\u00a0nauczyciel j\u0119zyka angielskiego<\/li>\n<li><strong>Marta Braciak:<\/strong> nauczyciel matematyki, administrator strony internetowej szko\u0142y<\/li>\n<li><strong>Marta Cz\u0105stkiewicz:<\/strong> nauczyciel plastyki<\/li>\n<li><strong>Marta Dolata<\/strong>: nauczyciel plastyki, nauczyciel logopeda, nauczyciel \u015bwietlicy, opiekun Wolontariatu<\/li>\n<li><strong>Marta Dudzik:<\/strong> psycholog szkolny, edukacja zdrowotna, opiekun Samorz\u0105du Uczniowskiego<\/li>\n<li><strong>Marta Kamraj-Bachorska:<\/strong> nauczyciel j\u0119zyka polskiego, opiekun Samorz\u0105du Uczniowskiego<\/li>\n<li><strong>Marzena Ko\u0142acz<\/strong>:\u00a0pedagog szkolny<\/li>\n<li><strong>Marzena Pieprzowska:<\/strong> nauczyciel matematyki, fizyki<\/li>\n<li><strong>Milena Janik<\/strong>: nauczyciel wspomagaj\u0105cy<\/li>\n<li><strong>Patrycja Konieczna<\/strong>: nauczyciel edukacji wczesnoszkolnej, katecheta<\/li>\n<li><strong>Patryk Malesa<\/strong>: nauczyciel wychowania fizycznego<\/li>\n<li><strong>Pawe\u0142 Bech:<\/strong> nauczyciel \u015bwietlicy<\/li>\n<li><strong>Piotr Gnyszka<\/strong>: nauczyciel religii, muzyki, fizyki, informatyki<\/li>\n<li><strong>Renata Cierpia\u0142-Ma\u0142asiewicz<\/strong>: nauczyciel historii<\/li>\n<li><strong>Sabina Bosiacka:<\/strong> nauczyciel wspomagaj\u0105cy<\/li>\n<li><strong>Sylwia Tompalska<\/strong>: nauczyciel \u015bwietlicy, techniki, specjalista ds. BHP,<\/li>\n<li><strong>Urszula Cicho\u0144<\/strong>: nauczyciel edukacji wczesnoszkolnej<\/li>\n<li><strong>Zuzanna Furman<\/strong>: nauczyciel wychowania fizycznego, gimnastyka korekcyjna<\/li>\n<li><\/li>\n<\/ul>\n<p>[\/vc_column_text][\/vc_tta_section][\/vc_tta_accordion][\/vc_column][\/vc_row]<\/p>\n<\/div>","protected":false},"excerpt":{"rendered":"<p>[vc_row][vc_column css=&#8221;.vc_custom_1748944551206{background-color: #00366C !important;}&#8221;][vc_tta_accordion gap=&#8221;1&#8243; c_icon=&#8221;chevron&#8221; active_section=&#8221;1&#8243;][vc_tta_section title=&#8221;Kadra&#8221; tab_id=&#8221;1748943401784-a18f9538-8724&#8243;][vc_column_text css=&#8221;&#8221;]Dyrekcja Dyrektor:\u00a0Jerzy Podg\u00f3rski Wicedyrektorzy: Iwona Szymanowicz\u00a0\u2013 wicedyrektor ds szko\u0142y,\u00a0Agnieszka \u017bo\u0142ud\u00a0\u2013\u00a0wicedyrektor ds\u00a0przedszkola Sekretariat: Specjalista do spraw kadr:\u00a0Renata Krzysztan Sekretarz szko\u0142y ds. uczni\u00f3w:\u00a0Justyna [&hellip;]<\/p>\n","protected":false},"author":7,"featured_media":0,"parent":59,"menu_order":0,"comment_status":"closed","ping_status":"closed","template":"","meta":{"footnotes":""},"class_list":["post-260","page","type-page","status-publish","hentry","clearfix"],"_links":{"self":[{"href":"https:\/\/zsp5.edu.wroclaw.pl\/index.php\/wp-json\/wp\/v2\/pages\/260","targetHints":{"allow":["GET"]}}],"collection":[{"href":"https:\/\/zsp5.edu.wroclaw.pl\/index.php\/wp-json\/wp\/v2\/pages"}],"about":[{"href":"https:\/\/zsp5.edu.wroclaw.pl\/index.php\/wp-json\/wp\/v2\/types\/page"}],"author":[{"embeddable":true,"href":"https:\/\/zsp5.edu.wroclaw.pl\/index.php\/wp-json\/wp\/v2\/users\/7"}],"replies":[{"embeddable":true,"href":"https:\/\/zsp5.edu.wroclaw.pl\/index.php\/wp-json\/wp\/v2\/comments?post=260"}],"version-history":[{"count":16,"href":"https:\/\/zsp5.edu.wroclaw.pl\/index.php\/wp-json\/wp\/v2\/pages\/260\/revisions"}],"predecessor-version":[{"id":1602,"href":"https:\/\/zsp5.edu.wroclaw.pl\/index.php\/wp-json\/wp\/v2\/pages\/260\/revisions\/1602"}],"up":[{"embeddable":true,"href":"https:\/\/zsp5.edu.wroclaw.pl\/index.php\/wp-json\/wp\/v2\/pages\/59"}],"wp:attachment":[{"href":"https:\/\/zsp5.edu.wroclaw.pl\/index.php\/wp-json\/wp\/v2\/media?parent=260"}],"curies":[{"name":"wp","href":"https:\/\/api.w.org\/{rel}","templated":true}]}}