
{"id":319,"date":"2025-06-11T13:37:23","date_gmt":"2025-06-11T11:37:23","guid":{"rendered":"https:\/\/zsp5.edu.wroclaw.pl\/?page_id=319"},"modified":"2025-06-12T10:09:37","modified_gmt":"2025-06-12T08:09:37","slug":"dzien-aktywnosci-dzieciecej","status":"publish","type":"page","link":"https:\/\/zsp5.edu.wroclaw.pl\/index.php\/przedszkole\/dla-rodzicow\/dzien-aktywnosci-dzieciecej\/","title":{"rendered":"Dzie\u0144 aktywno\u015bci dzieci\u0119cej"},"content":{"rendered":"<p><span style=\"font-size: 16px; color: #00366c;\"><strong class=\"capitel\">6.30 \u2013 8.00<\/strong><\/span><br \/>\nSchodzenie si\u0119 dzieci, zabawy indywidualne wed\u0142ug zainteresowa\u0144 dzieci: zabawy manipulacyjne, konstrukcyjne, tematyczne, dydaktyczne. Indywidualne wspomaganie i korygowanie rozwoju, praca z dzieckiem uzdolnionym. Stwarzanie sytuacji sprzyjaj\u0105cych zabawom integruj\u0105cym grup\u0119.<\/p>\n<p><span style=\"font-size: 16px; color: #00366c;\"><strong class=\"capitel\">8.00 \u2013 8.30<\/strong><\/span><br \/>\nRozwijanie i kszta\u0142towanie prawid\u0142owej postawy cia\u0142a, przekazywanie wiedzy na temat zdrowego stylu \u017cycia. Dzieci 3-4 letnie zestawy zabaw porannych, dzieci 5 letnie zestawy \u0107wicze\u0144 porannych. Czynno\u015bci higieniczne.<\/p>\n<p><span style=\"font-size: 16px; color: #00366c;\"><strong>8.30 \u2013 9.00<\/strong><\/span><br \/>\n\u015aniadanie- usprawnienie umiej\u0119tno\u015bci samodzielnego spo\u017cywania posi\u0142k\u00f3w.<\/p>\n<p><span style=\"font-size: 16px; color: #00366c;\"><strong class=\"capitel\">9.00 \u2013 11.30<\/strong><\/span><br \/>\nZaj\u0119cia dydaktyczne planowane przez nauczyciela w sali b\u0105d\u017a na powietrzu z ca\u0142\u0105 grup\u0105. Zgodnie z planem wychowawczo-dydaktycznym i podstaw\u0105 programow\u0105. Pobyt dzieci na powietrzu \u2013 zabawy ruchowe organizowane przez nauczyciela, obserwacje przyrodnicze, wycieczki, spacery oraz zabawy dowolne dzieci.<\/p>\n<p><span style=\"font-size: 16px; color: #00366c;\"><strong class=\"capitel\">11.30 \u2013 12.00<\/strong><\/span><br \/>\nObiad \u2013 II danie \u2013 wdra\u017canie do kulturalnego spo\u017cywania posi\u0142k\u00f3w.<\/p>\n<p><span style=\"font-size: 16px; color: #00366c;\"><strong class=\"capitel\">12.00 \u2013 13.30<\/strong><\/span><br \/>\nDzieci trzyletnie le\u017cakowanie-s\u0142uchanie ulubionych bajek oraz muzyki relaksacyjnej. Dla dzieci starszych tworzenie sytuacji edukacyjnych jako dalszy ci\u0105g zaj\u0119\u0107 realizowanych przed obiadem. Pobyt dzieci w ogrodzie przedszkolnym. Czynno\u015bci higieniczne \u2013 przygotowanie do podwieczorku..<\/p>\n<p><span style=\"font-size: 16px; color: #00366c;\"><strong class=\"capitel\">13.30 \u2013 14.00<\/strong><\/span><br \/>\nPodwieczorek.<\/p>\n<p><span style=\"font-size: 16px; color: #00366c;\"><strong class=\"capitel\">14.00 \u2013 15.30<\/strong><\/span><br \/>\nZabawy ruchowe w ogrodzie przedszkolnym, obserwacje przyrodnicze, zabawy wed\u0142ug zainteresowa\u0144 dzieci.<\/p>\n<p><span style=\"font-size: 16px; color: #00366c;\"><strong class=\"capitel\">15.30 \u2013 17.00<\/strong><\/span><br \/>\nAktywno\u015b\u0107 w\u0142asna dzieci wed\u0142ug zainteresowa\u0144, indywidualne wspomaganie i korygowanie rozwoju dziecka, praca z dzieckiem zdolnym (pozosta\u0142e dzieci zabawy dowolne), kontakty indywidualne z rodzicami w miar\u0119 zaistnia\u0142ych potrzeb.<\/p>\n","protected":false},"excerpt":{"rendered":"<p>6.30 \u2013 8.00 Schodzenie si\u0119 dzieci, zabawy indywidualne wed\u0142ug zainteresowa\u0144 dzieci: zabawy manipulacyjne, konstrukcyjne, tematyczne, dydaktyczne. Indywidualne wspomaganie i korygowanie rozwoju, praca z dzieckiem uzdolnionym. Stwarzanie sytuacji sprzyjaj\u0105cych zabawom integruj\u0105cym [&hellip;]<\/p>\n","protected":false},"author":7,"featured_media":0,"parent":317,"menu_order":0,"comment_status":"closed","ping_status":"closed","template":"","meta":{"footnotes":""},"class_list":["post-319","page","type-page","status-publish","hentry","clearfix"],"_links":{"self":[{"href":"https:\/\/zsp5.edu.wroclaw.pl\/index.php\/wp-json\/wp\/v2\/pages\/319","targetHints":{"allow":["GET"]}}],"collection":[{"href":"https:\/\/zsp5.edu.wroclaw.pl\/index.php\/wp-json\/wp\/v2\/pages"}],"about":[{"href":"https:\/\/zsp5.edu.wroclaw.pl\/index.php\/wp-json\/wp\/v2\/types\/page"}],"author":[{"embeddable":true,"href":"https:\/\/zsp5.edu.wroclaw.pl\/index.php\/wp-json\/wp\/v2\/users\/7"}],"replies":[{"embeddable":true,"href":"https:\/\/zsp5.edu.wroclaw.pl\/index.php\/wp-json\/wp\/v2\/comments?post=319"}],"version-history":[{"count":5,"href":"https:\/\/zsp5.edu.wroclaw.pl\/index.php\/wp-json\/wp\/v2\/pages\/319\/revisions"}],"predecessor-version":[{"id":346,"href":"https:\/\/zsp5.edu.wroclaw.pl\/index.php\/wp-json\/wp\/v2\/pages\/319\/revisions\/346"}],"up":[{"embeddable":true,"href":"https:\/\/zsp5.edu.wroclaw.pl\/index.php\/wp-json\/wp\/v2\/pages\/317"}],"wp:attachment":[{"href":"https:\/\/zsp5.edu.wroclaw.pl\/index.php\/wp-json\/wp\/v2\/media?parent=319"}],"curies":[{"name":"wp","href":"https:\/\/api.w.org\/{rel}","templated":true}]}}