
{"id":41,"date":"2025-05-13T10:34:46","date_gmt":"2025-05-13T08:34:46","guid":{"rendered":"https:\/\/zsp5.edu.wroclaw.pl\/?page_id=41"},"modified":"2026-02-04T14:21:55","modified_gmt":"2026-02-04T13:21:55","slug":"przedszkole","status":"publish","type":"page","link":"https:\/\/zsp5.edu.wroclaw.pl\/index.php\/przedszkole\/","title":{"rendered":"Przedszkole"},"content":{"rendered":"<div class=\"wpb-content-wrapper\"><p>[vc_row full_width=&#8221;stretch_row_content&#8221; css_animation=&#8221;zoomIn&#8221; css=&#8221;.vc_custom_1769793587448{margin-bottom: 120px !important;}&#8221;][vc_column width=&#8221;1\/5&#8243;][vc_icon icon_fontawesome=&#8221;fa fa-regular fa-calendar-days&#8221; color=&#8221;custom&#8221; background_style=&#8221;rounded-outline&#8221; background_color=&#8221;custom&#8221; size=&#8221;xl&#8221; align=&#8221;center&#8221; css=&#8221;&#8221; custom_color=&#8221;#AA6701&#8243; custom_background_color=&#8221;#AA6701&#8243; link=&#8221;url:https%3A%2F%2Fzsp5.edu.wroclaw.pl%2Findex.php%2Fprzedszkole%2Fkalendarium-imprez%2F|title:Kalendarium%20imprez&#8221;][vc_column_text css=&#8221;.vc_custom_1749638601629{margin-top: -40px !important;}&#8221;]<\/p>\n<h2 style=\"text-align: center;\"><span style=\"font-size: 20px; color: #aa6701;\">Kalendarium imprez<\/span><\/h2>\n<p>[\/vc_column_text][\/vc_column][vc_column width=&#8221;1\/5&#8243;][vc_icon icon_fontawesome=&#8221;fa fa-solid fa-utensils&#8221; color=&#8221;custom&#8221; background_style=&#8221;rounded-outline&#8221; background_color=&#8221;custom&#8221; size=&#8221;xl&#8221; align=&#8221;center&#8221; css=&#8221;&#8221; custom_color=&#8221;#588E31&#8243; custom_background_color=&#8221;#588E31&#8243; link=&#8221;url:https%3A%2F%2Fzsp5.edu.wroclaw.pl%2Findex.php%2Fprzedszkole%2Fjadlospis%2F|title:Jad%C5%82ospis&#8221;][vc_column_text css=&#8221;.vc_custom_1749635998375{margin-top: -40px !important;}&#8221;]<\/p>\n<h2 style=\"text-align: center;\"><span style=\"font-size: 20px; color: #588e31;\">Jad\u0142ospis<\/span><\/h2>\n<p>[\/vc_column_text][\/vc_column][vc_column width=&#8221;1\/5&#8243;][vc_icon icon_fontawesome=&#8221;fa fa-solid fa-user-graduate&#8221; color=&#8221;custom&#8221; background_style=&#8221;rounded-outline&#8221; background_color=&#8221;custom&#8221; size=&#8221;xl&#8221; align=&#8221;center&#8221; css=&#8221;&#8221; custom_color=&#8221;#1E73BE&#8221; custom_background_color=&#8221;#1e73be&#8221; link=&#8221;url:https%3A%2F%2Fzsp5.edu.wroclaw.pl%2Findex.php%2Frekrutacja%2F|title:Rekrutacja&#8221;][vc_column_text css=&#8221;.vc_custom_1686898790756{margin-top: -40px !important;}&#8221;]<\/p>\n<h2 style=\"text-align: center;\"><span style=\"font-size: 20px; color: #1e73be;\">Rekrutacja<\/span><\/h2>\n<p>[\/vc_column_text][\/vc_column][vc_column width=&#8221;1\/5&#8243;][vc_icon icon_fontawesome=&#8221;fa fa-solid fa-children&#8221; color=&#8221;custom&#8221; background_style=&#8221;rounded-outline&#8221; background_color=&#8221;custom&#8221; size=&#8221;xl&#8221; align=&#8221;center&#8221; css=&#8221;&#8221; custom_color=&#8221;#A00050&#8243; custom_background_color=&#8221;#A00050&#8243; link=&#8221;url:https%3A%2F%2Fzsp5.edu.wroclaw.pl%2Findex.php%2Fprzedszkole%2Fgrupy%2F|title:Grupy&#8221;][vc_column_text css=&#8221;.vc_custom_1751622895684{margin-top: -40px !important;}&#8221;]<\/p>\n<h2 style=\"text-align: center;\"><span style=\"font-size: 20px; color: #a00050;\">Grupy<\/span><\/h2>\n<p>[\/vc_column_text][\/vc_column][vc_column width=&#8221;1\/5&#8243;][vc_icon icon_fontawesome=&#8221;fa fa-solid fa-shield-halved&#8221; color=&#8221;custom&#8221; background_style=&#8221;rounded-outline&#8221; background_color=&#8221;custom&#8221; size=&#8221;xl&#8221; align=&#8221;center&#8221; css=&#8221;&#8221; custom_color=&#8221;#4C4747&#8243; custom_background_color=&#8221;#4C4747&#8243; link=&#8221;url:https%3A%2F%2Fzsp5.edu.wroclaw.pl%2Fwp-content%2Fuploads%2Fsites%2F86%2F2025%2F06%2FSTANDARDY-OCHRONY-MALOLETNICH.pdf|title:Standardy%20ochrony%20ma%C5%82oletnich.pdf%20(186%20KB)|target:_blank&#8221;][vc_column_text css=&#8221;.vc_custom_1751622913970{margin-top: -40px !important;}&#8221;]<\/p>\n<h2 style=\"text-align: center;\"><span style=\"font-size: 20px; color: #4c4747;\">Standardy ochrony ma\u0142oletnich<\/span><\/h2>\n<p>[\/vc_column_text][\/vc_column][\/vc_row][vc_row css=&#8221;.vc_custom_1769790741441{margin-top: -90px !important;}&#8221;][vc_column width=&#8221;2\/3&#8243;][vc_wp_text]<\/p>\n<h1 style=\"text-align: center;\"><span style=\"font-size: 48px;\">O Przedszkolu<\/span><\/h1>\n<p>[\/vc_wp_text][vc_separator color=&#8221;custom&#8221; border_width=&#8221;2&#8243; el_width=&#8221;50&#8243; css=&#8221;.vc_custom_1749629858096{margin-top: -45px !important;}&#8221; accent_color=&#8221;#00366C&#8221;][vc_wp_text]Przedszkole nr 7 wchodzi w sk\u0142ad Zespo\u0142u Szkolno-Przedszkolnego nr 5 , znajduje si\u0119 przy ul. Osobowickiej 127 we Wroc\u0142awiu.<\/p>\n<p>Oferuje bezpieczne i przyjazne \u015brodowisko dla dzieci, wspieraj\u0105c ich rozw\u00f3j poprzez r\u00f3\u017cnorodne zaj\u0119cia i opiek\u0119. Plac\u00f3wka koncentruje si\u0119 na rozwijaniu umiej\u0119tno\u015bci, zaspokajaniu naturalnych potrzeb ruchowych oraz kszta\u0142towaniu prozdrowotnych, proekologicznych i tw\u00f3rczych postaw[\/vc_wp_text][\/vc_column][vc_column width=&#8221;1\/3&#8243;][vc_empty_space height=&#8221;160px&#8221;][vc_single_image image=&#8221;71&#8243; img_size=&#8221;full&#8221; css=&#8221;&#8221;][\/vc_column][\/vc_row][vc_row][vc_column width=&#8221;2\/3&#8243;][vc_wp_text]<\/p>\n<h1 style=\"text-align: center;\"><span style=\"font-size: 48px;\">Aktualno\u015bci<\/span><\/h1>\n<p>[\/vc_wp_text][vc_separator color=&#8221;custom&#8221; border_width=&#8221;2&#8243; el_width=&#8221;50&#8243; css=&#8221;.vc_custom_1751624165760{margin-top: -45px !important;margin-bottom: 0px !important;}&#8221; accent_color=&#8221;#00366C&#8221;][\/vc_column][vc_column width=&#8221;1\/3&#8243;][\/vc_column][\/vc_row][vc_row][vc_column][vc_basic_grid post_type=&#8221;post&#8221; max_items=&#8221;-1&#8243; style=&#8221;pagination&#8221; element_width=&#8221;6&#8243; paging_design=&#8221;pagination_default_dark&#8221; paging_color=&#8221;mulled_wine&#8221; item=&#8221;29&#8243; css=&#8221;&#8221; grid_id=&#8221;vc_gid:1769790748111-31c71a2b-1cf4-1&#8243; taxonomies=&#8221;5&#8243;][vc_empty_space][\/vc_column][\/vc_row]<\/p>\n<\/div>","protected":false},"excerpt":{"rendered":"<p>[vc_row full_width=&#8221;stretch_row_content&#8221; css_animation=&#8221;zoomIn&#8221; css=&#8221;.vc_custom_1769793587448{margin-bottom: 120px !important;}&#8221;][vc_column width=&#8221;1\/5&#8243;][vc_icon icon_fontawesome=&#8221;fa fa-regular fa-calendar-days&#8221; color=&#8221;custom&#8221; background_style=&#8221;rounded-outline&#8221; background_color=&#8221;custom&#8221; size=&#8221;xl&#8221; align=&#8221;center&#8221; css=&#8221;&#8221; custom_color=&#8221;#AA6701&#8243; custom_background_color=&#8221;#AA6701&#8243; link=&#8221;url:https%3A%2F%2Fzsp5.edu.wroclaw.pl%2Findex.php%2Fprzedszkole%2Fkalendarium-imprez%2F|title:Kalendarium%20imprez&#8221;][vc_column_text css=&#8221;.vc_custom_1749638601629{margin-top: -40px !important;}&#8221;] Kalendarium imprez [\/vc_column_text][\/vc_column][vc_column width=&#8221;1\/5&#8243;][vc_icon icon_fontawesome=&#8221;fa fa-solid fa-utensils&#8221; color=&#8221;custom&#8221; [&hellip;]<\/p>\n","protected":false},"author":7,"featured_media":0,"parent":0,"menu_order":0,"comment_status":"closed","ping_status":"closed","template":"","meta":{"footnotes":""},"class_list":["post-41","page","type-page","status-publish","hentry","clearfix"],"_links":{"self":[{"href":"https:\/\/zsp5.edu.wroclaw.pl\/index.php\/wp-json\/wp\/v2\/pages\/41","targetHints":{"allow":["GET"]}}],"collection":[{"href":"https:\/\/zsp5.edu.wroclaw.pl\/index.php\/wp-json\/wp\/v2\/pages"}],"about":[{"href":"https:\/\/zsp5.edu.wroclaw.pl\/index.php\/wp-json\/wp\/v2\/types\/page"}],"author":[{"embeddable":true,"href":"https:\/\/zsp5.edu.wroclaw.pl\/index.php\/wp-json\/wp\/v2\/users\/7"}],"replies":[{"embeddable":true,"href":"https:\/\/zsp5.edu.wroclaw.pl\/index.php\/wp-json\/wp\/v2\/comments?post=41"}],"version-history":[{"count":25,"href":"https:\/\/zsp5.edu.wroclaw.pl\/index.php\/wp-json\/wp\/v2\/pages\/41\/revisions"}],"predecessor-version":[{"id":1631,"href":"https:\/\/zsp5.edu.wroclaw.pl\/index.php\/wp-json\/wp\/v2\/pages\/41\/revisions\/1631"}],"wp:attachment":[{"href":"https:\/\/zsp5.edu.wroclaw.pl\/index.php\/wp-json\/wp\/v2\/media?parent=41"}],"curies":[{"name":"wp","href":"https:\/\/api.w.org\/{rel}","templated":true}]}}