
{"id":43,"date":"2025-05-13T10:44:12","date_gmt":"2025-05-13T08:44:12","guid":{"rendered":"https:\/\/zsp5.edu.wroclaw.pl\/?page_id=43"},"modified":"2025-12-17T16:36:15","modified_gmt":"2025-12-17T15:36:15","slug":"dokumenty","status":"publish","type":"page","link":"https:\/\/zsp5.edu.wroclaw.pl\/index.php\/dokumenty\/","title":{"rendered":"Dokumenty"},"content":{"rendered":"<div class=\"wpb-content-wrapper\"><p>[vc_row][vc_column][vc_column_text css=&#8221;&#8221;]<strong>Procedury zapewnienia bezpiecze\u0144stwa w ZSP 5 we Wroc\u0142awiu:<\/strong><\/p>\n<p><a href=\"https:\/\/zsp5.edu.wroclaw.pl\/wp-content\/uploads\/sites\/86\/2025\/05\/Procedury-zapewnienia-bezpieczenstwa-w-ZSP-5-we-Wroclawiu-01.09.21-1.pdf\" target=\"_blank\" rel=\"noopener\">Procedury zapewnienia bezpieczenstwa.pdf (215KB)<\/a><\/p>\n<p><strong>Dokumenty Zespo\u0142u Szkolno-Przedszkolnego nr 5:<\/strong><\/p>\n<p><a href=\"https:\/\/zsp5.edu.wroclaw.pl\/wp-content\/uploads\/sites\/86\/2025\/05\/Statut-Przedszkola-nr-7-zatwierdzony-na-RP-8.12.22.odt\" target=\"_blank\" rel=\"noopener\">Statut Przedszkola nr 7 im. Kr\u00f3la Maciusia.odt (40 KB)<\/a><br \/>\n<a href=\"https:\/\/zsp5.edu.wroclaw.pl\/wp-content\/uploads\/sites\/86\/2025\/05\/3-Zasady-przetwarzania-Twoich-danych-e-mail-1.docx\" target=\"_blank\" rel=\"noopener\">Zasady przetwarzania danych e-mail.docx (37 KB)<\/a><br \/>\n<a href=\"https:\/\/zsp5.edu.wroclaw.pl\/wp-content\/uploads\/sites\/86\/2025\/05\/doc01691320250425085918.pdf\" target=\"_blank\" rel=\"noopener\">Podanie o wydanie duplikatu e-legitymacji.pdf (112 KB)<\/a><br \/>\n<a href=\"https:\/\/zsp5.edu.wroclaw.pl\/wp-content\/uploads\/sites\/86\/2025\/05\/MK_STANDARDY-OCHRONY-MALOLETNICH-9.01.2024.pdf\" target=\"_blank\" rel=\"noopener\">MK STANDARDY OCHRONY MALOLETNICH.pdf (1 MB)<\/a><br \/>\n<a href=\"https:\/\/zsp5.edu.wroclaw.pl\/wp-content\/uploads\/sites\/86\/2025\/10\/Program-Wychowawczo-Profilaktyczny-2025_2026_ver.1.pdf\">Program Wychowawczo-Profilaktyczny 2025-2026<\/a><\/p>\n<p><a href=\"https:\/\/eduwroclaw-my.sharepoint.com\/:b:\/g\/personal\/emiach8437_edu_wroclaw_pl\/IQANHg6zpnlBQadRDCJpPXseAUwup1MrAhILHnql5VXmAQ8?e=8G1Us6\">REGULAMIN PRZYZNAWANIA NAGRODY \u201eSUPER PI\u0104TKA\u201d<\/a><\/p>\n<p>&nbsp;<\/p>\n<p><strong>\u015awietlica<\/strong><\/p>\n<p><a href=\"https:\/\/zsp5.edu.wroclaw.pl\/wp-content\/uploads\/sites\/86\/2025\/10\/Karta-zgloszenia-dziecka-do-swietlicy-szkolnej.pdf\">Karta zgloszenia dziecka do swietlicy szkolnej<\/a><br \/>\n<a href=\"https:\/\/zsp5.edu.wroclaw.pl\/wp-content\/uploads\/sites\/86\/2025\/10\/Regulamin-swietlicy-szkolnej-1.pdf\">Regulamin \u015bwietlicy szkolnej<\/a><br \/>\n<a href=\"https:\/\/zsp5.edu.wroclaw.pl\/wp-content\/uploads\/sites\/86\/2025\/10\/Regulamin-funkcjonowania-systemu-odbierania-dzieci-Neonki-1.pdf\">Regulamin funkcjonowania systemu odbierania dzieci &#8211; Neonki <\/a><\/p>\n<p><strong>Dla pracownik\u00f3w szko\u0142y<\/strong><\/p>\n<p><a href=\"https:\/\/zsp5.edu.wroclaw.pl\/wp-content\/uploads\/sites\/86\/2025\/11\/Swieta-wniosek-1-1.odt\">\u015awi\u0119ta wniosek <\/a>[\/vc_column_text][\/vc_column][\/vc_row]<\/p>\n<\/div>","protected":false},"excerpt":{"rendered":"<p>[vc_row][vc_column][vc_column_text css=&#8221;&#8221;]Procedury zapewnienia bezpiecze\u0144stwa w ZSP 5 we Wroc\u0142awiu: Procedury zapewnienia bezpieczenstwa.pdf (215KB) Dokumenty Zespo\u0142u Szkolno-Przedszkolnego nr 5: Statut Przedszkola nr 7 im. Kr\u00f3la Maciusia.odt (40 KB) Zasady przetwarzania danych [&hellip;]<\/p>\n","protected":false},"author":7,"featured_media":0,"parent":0,"menu_order":0,"comment_status":"closed","ping_status":"closed","template":"","meta":{"footnotes":""},"class_list":["post-43","page","type-page","status-publish","hentry","clearfix"],"_links":{"self":[{"href":"https:\/\/zsp5.edu.wroclaw.pl\/index.php\/wp-json\/wp\/v2\/pages\/43","targetHints":{"allow":["GET"]}}],"collection":[{"href":"https:\/\/zsp5.edu.wroclaw.pl\/index.php\/wp-json\/wp\/v2\/pages"}],"about":[{"href":"https:\/\/zsp5.edu.wroclaw.pl\/index.php\/wp-json\/wp\/v2\/types\/page"}],"author":[{"embeddable":true,"href":"https:\/\/zsp5.edu.wroclaw.pl\/index.php\/wp-json\/wp\/v2\/users\/7"}],"replies":[{"embeddable":true,"href":"https:\/\/zsp5.edu.wroclaw.pl\/index.php\/wp-json\/wp\/v2\/comments?post=43"}],"version-history":[{"count":15,"href":"https:\/\/zsp5.edu.wroclaw.pl\/index.php\/wp-json\/wp\/v2\/pages\/43\/revisions"}],"predecessor-version":[{"id":1413,"href":"https:\/\/zsp5.edu.wroclaw.pl\/index.php\/wp-json\/wp\/v2\/pages\/43\/revisions\/1413"}],"wp:attachment":[{"href":"https:\/\/zsp5.edu.wroclaw.pl\/index.php\/wp-json\/wp\/v2\/media?parent=43"}],"curies":[{"name":"wp","href":"https:\/\/api.w.org\/{rel}","templated":true}]}}