
{"id":47,"date":"2025-05-13T10:45:04","date_gmt":"2025-05-13T08:45:04","guid":{"rendered":"https:\/\/zsp5.edu.wroclaw.pl\/?page_id=47"},"modified":"2025-05-30T10:53:25","modified_gmt":"2025-05-30T08:53:25","slug":"kontakt","status":"publish","type":"page","link":"https:\/\/zsp5.edu.wroclaw.pl\/index.php\/kontakt\/","title":{"rendered":"Kontakt"},"content":{"rendered":"<div class=\"wpb-content-wrapper\"><p>[vc_row][vc_column][vc_raw_html css=&#8221;&#8221;]JTNDaWZyYW1lJTIwc3JjJTNEJTIyaHR0cHMlM0ElMkYlMkZ3d3cuZ29vZ2xlLmNvbSUyRm1hcHMlMkZlbWJlZCUzRnBiJTNEJTIxMW0xNiUyMTFtMTIlMjExbTMlMjExZDExNDcuNzA2Mjk3MjU4Nzg5NiUyMTJkMTYuOTg5OTEwMDExMzk4OTElMjEzZDUxLjE0MjMxMTYxMjEyOTU2JTIxMm0zJTIxMWYwJTIxMmYwJTIxM2YwJTIxM20yJTIxMWkxMDI0JTIxMmk3NjglMjE0ZjEzLjElMjEybTElMjExc1plc3AlMjVDMyUyNUIzJTI1QzUlMjU4MiUyNTIwU3prbyUyNUM1JTI1ODJhJTI1MjBQb2RzdGF3b3dhJTI1MjBuciUyNTIwMjElMjUyMHVsLiUyNTIwT3NvYm93aWNrYSUyNTIwMTI3JTIxNWUwJTIxM20yJTIxMXNwbCUyMTJzcGwlMjE0djE3NDg0MzQyNDQxMTklMjE1bTIlMjExc3BsJTIxMnNwbCUyMiUyMHdpZHRoJTNEJTIyMTAwJTI1JTIyJTIwaGVpZ2h0JTNEJTIyMjUwJTIyJTIwc3R5bGUlM0QlMjJib3JkZXIlM0EwJTNCJTIyJTIwYWxsb3dmdWxsc2NyZWVuJTNEJTIyJTIyJTIwbG9hZGluZyUzRCUyMmxhenklMjIlMjByZWZlcnJlcnBvbGljeSUzRCUyMm5vLXJlZmVycmVyLXdoZW4tZG93bmdyYWRlJTIyJTNFJTNDJTJGaWZyYW1lJTNF[\/vc_raw_html][vc_column_text css=&#8221;&#8221;]<\/p>\n<h1 style=\"text-align: center;\"><span style=\"font-size: 42pt;\">Zesp\u00f3\u0142 Szkolno-Przedszkolny nr 5<\/span><span style=\"font-size: 42pt; color: #3176af;\"><br \/>\n<\/span><\/h1>\n<p>[\/vc_column_text][vc_separator color=&#8221;custom&#8221; border_width=&#8221;4&#8243; el_width=&#8221;60&#8243; css=&#8221;.vc_custom_1748435113851{margin-top: -45px !important;}&#8221; accent_color=&#8221;#3b6a94&#8243;][\/vc_column][\/vc_row][vc_row][vc_column width=&#8221;1\/2&#8243;][vc_single_image image=&#8221;68&#8243; img_size=&#8221;full&#8221; css=&#8221;.vc_custom_1748435145205{margin-top: 40px !important;}&#8221;][\/vc_column][vc_column width=&#8221;1\/2&#8243;][vc_cta h2=&#8221;&#8221; css=&#8221;.vc_custom_1748593494072{padding-top: 0px !important;padding-bottom: 0px !important;}&#8221;]ul. Osobowicka 127<br \/>\n51-004 Wroc\u0142aw<br \/>\nfax: 71-798 44 28<br \/>\ne-mail: sekretariat.zsp05@wroclawskaedukacja.pl[\/vc_cta][vc_cta h2=&#8221;Szko\u0142a Podstawowa nr 21&#8243; add_icon=&#8221;left&#8221; i_icon_fontawesome=&#8221;fa fa-solid fa-school&#8221; i_color=&#8221;custom&#8221; i_size=&#8221;sm&#8221; css=&#8221;.vc_custom_1748435964882{margin-bottom: 10px !important;padding-top: 0px !important;padding-bottom: 0px !important;}&#8221; i_custom_color=&#8221;#3b6a94&#8243;]tel. 71 798 69 28<br \/>\nsekretariat nr wewn.:100<br \/>\npedagog szkolny nr wewn.:140[\/vc_cta][vc_cta h2=&#8221;Przedszkole nr 7&#8243; add_icon=&#8221;left&#8221; i_icon_fontawesome=&#8221;fa fa-solid fa-children&#8221; i_color=&#8221;custom&#8221; i_size=&#8221;sm&#8221; css=&#8221;.vc_custom_1748593222258{margin-bottom: 10px !important;padding-top: 0px !important;padding-bottom: 0px !important;}&#8221; i_custom_color=&#8221;#3b6a94&#8243;]71 798 69 28<br \/>\nwicedyrektor ZSP 5\u00a0nr wewn.:102<br \/>\nintendent\u00a0nr wewn.:113[\/vc_cta][vc_cta h2=&#8221;Wynajem sal dydaktycznych&#8221; add_icon=&#8221;left&#8221; i_icon_fontawesome=&#8221;fa fa-solid fa-person-chalkboard&#8221; i_color=&#8221;custom&#8221; i_size=&#8221;sm&#8221; css=&#8221;.vc_custom_1748504126002{margin-bottom: 10px !important;padding-top: 0px !important;padding-bottom: 0px !important;}&#8221; i_custom_color=&#8221;#3b6a94&#8243;]Szko\u0142a prowadzi wynajem sal dydaktycznych w \u201estarej\u201d cz\u0119\u015bci szko\u0142y.<br \/>\nKoszt uzgadniany jest indywidualnie w oparciu o cz\u0119stotliwo\u015b\u0107, liczb\u0119 ucz\u0119szczaj\u0105cych dzieci.<br \/>\nOsoby zainteresowane proszone s\u0105 o kontakt:<br \/>\n<strong>Joanna B\u0105k<\/strong><br \/>\n<strong>Specjalista ds. administracyjnych<\/strong><br \/>\n<strong>Tel. 71-798-69-28 wew. 105<\/strong><br \/>\n<strong>e-mail: Joanna.Bak@wroclawskaedukacja.pl<\/strong>[\/vc_cta][\/vc_column][\/vc_row]<\/p>\n<\/div>","protected":false},"excerpt":{"rendered":"<p>[vc_row][vc_column][vc_raw_html css=&#8221;&#8221;]JTNDaWZyYW1lJTIwc3JjJTNEJTIyaHR0cHMlM0ElMkYlMkZ3d3cuZ29vZ2xlLmNvbSUyRm1hcHMlMkZlbWJlZCUzRnBiJTNEJTIxMW0xNiUyMTFtMTIlMjExbTMlMjExZDExNDcuNzA2Mjk3MjU4Nzg5NiUyMTJkMTYuOTg5OTEwMDExMzk4OTElMjEzZDUxLjE0MjMxMTYxMjEyOTU2JTIxMm0zJTIxMWYwJTIxMmYwJTIxM2YwJTIxM20yJTIxMWkxMDI0JTIxMmk3NjglMjE0ZjEzLjElMjEybTElMjExc1plc3AlMjVDMyUyNUIzJTI1QzUlMjU4MiUyNTIwU3prbyUyNUM1JTI1ODJhJTI1MjBQb2RzdGF3b3dhJTI1MjBuciUyNTIwMjElMjUyMHVsLiUyNTIwT3NvYm93aWNrYSUyNTIwMTI3JTIxNWUwJTIxM20yJTIxMXNwbCUyMTJzcGwlMjE0djE3NDg0MzQyNDQxMTklMjE1bTIlMjExc3BsJTIxMnNwbCUyMiUyMHdpZHRoJTNEJTIyMTAwJTI1JTIyJTIwaGVpZ2h0JTNEJTIyMjUwJTIyJTIwc3R5bGUlM0QlMjJib3JkZXIlM0EwJTNCJTIyJTIwYWxsb3dmdWxsc2NyZWVuJTNEJTIyJTIyJTIwbG9hZGluZyUzRCUyMmxhenklMjIlMjByZWZlcnJlcnBvbGljeSUzRCUyMm5vLXJlZmVycmVyLXdoZW4tZG93bmdyYWRlJTIyJTNFJTNDJTJGaWZyYW1lJTNF[\/vc_raw_html][vc_column_text css=&#8221;&#8221;] Zesp\u00f3\u0142 Szkolno-Przedszkolny nr 5 [\/vc_column_text][vc_separator color=&#8221;custom&#8221; border_width=&#8221;4&#8243; el_width=&#8221;60&#8243; css=&#8221;.vc_custom_1748435113851{margin-top: -45px !important;}&#8221; accent_color=&#8221;#3b6a94&#8243;][\/vc_column][\/vc_row][vc_row][vc_column width=&#8221;1\/2&#8243;][vc_single_image image=&#8221;68&#8243; img_size=&#8221;full&#8221; css=&#8221;.vc_custom_1748435145205{margin-top: 40px !important;}&#8221;][\/vc_column][vc_column width=&#8221;1\/2&#8243;][vc_cta h2=&#8221;&#8221; css=&#8221;.vc_custom_1748593494072{padding-top: 0px !important;padding-bottom: 0px !important;}&#8221;]ul. Osobowicka 127 [&hellip;]<\/p>\n","protected":false},"author":7,"featured_media":0,"parent":0,"menu_order":0,"comment_status":"closed","ping_status":"closed","template":"","meta":{"footnotes":""},"class_list":["post-47","page","type-page","status-publish","hentry","clearfix"],"_links":{"self":[{"href":"https:\/\/zsp5.edu.wroclaw.pl\/index.php\/wp-json\/wp\/v2\/pages\/47","targetHints":{"allow":["GET"]}}],"collection":[{"href":"https:\/\/zsp5.edu.wroclaw.pl\/index.php\/wp-json\/wp\/v2\/pages"}],"about":[{"href":"https:\/\/zsp5.edu.wroclaw.pl\/index.php\/wp-json\/wp\/v2\/types\/page"}],"author":[{"embeddable":true,"href":"https:\/\/zsp5.edu.wroclaw.pl\/index.php\/wp-json\/wp\/v2\/users\/7"}],"replies":[{"embeddable":true,"href":"https:\/\/zsp5.edu.wroclaw.pl\/index.php\/wp-json\/wp\/v2\/comments?post=47"}],"version-history":[{"count":8,"href":"https:\/\/zsp5.edu.wroclaw.pl\/index.php\/wp-json\/wp\/v2\/pages\/47\/revisions"}],"predecessor-version":[{"id":236,"href":"https:\/\/zsp5.edu.wroclaw.pl\/index.php\/wp-json\/wp\/v2\/pages\/47\/revisions\/236"}],"wp:attachment":[{"href":"https:\/\/zsp5.edu.wroclaw.pl\/index.php\/wp-json\/wp\/v2\/media?parent=47"}],"curies":[{"name":"wp","href":"https:\/\/api.w.org\/{rel}","templated":true}]}}