
{"id":545,"date":"2025-10-01T19:06:06","date_gmt":"2025-10-01T17:06:06","guid":{"rendered":"https:\/\/zsp5.edu.wroclaw.pl\/?page_id=545"},"modified":"2025-10-01T19:06:06","modified_gmt":"2025-10-01T17:06:06","slug":"osiagniecia","status":"publish","type":"page","link":"https:\/\/zsp5.edu.wroclaw.pl\/index.php\/osiagniecia\/","title":{"rendered":"Osi\u0105gni\u0119cia"},"content":{"rendered":"<p>Nasze osi\u0105gni\u0119cia!<\/p>\n","protected":false},"excerpt":{"rendered":"<p>Nasze osi\u0105gni\u0119cia!<\/p>\n","protected":false},"author":466,"featured_media":0,"parent":0,"menu_order":0,"comment_status":"closed","ping_status":"closed","template":"","meta":{"footnotes":""},"class_list":["post-545","page","type-page","status-publish","hentry","clearfix"],"_links":{"self":[{"href":"https:\/\/zsp5.edu.wroclaw.pl\/index.php\/wp-json\/wp\/v2\/pages\/545","targetHints":{"allow":["GET"]}}],"collection":[{"href":"https:\/\/zsp5.edu.wroclaw.pl\/index.php\/wp-json\/wp\/v2\/pages"}],"about":[{"href":"https:\/\/zsp5.edu.wroclaw.pl\/index.php\/wp-json\/wp\/v2\/types\/page"}],"author":[{"embeddable":true,"href":"https:\/\/zsp5.edu.wroclaw.pl\/index.php\/wp-json\/wp\/v2\/users\/466"}],"replies":[{"embeddable":true,"href":"https:\/\/zsp5.edu.wroclaw.pl\/index.php\/wp-json\/wp\/v2\/comments?post=545"}],"version-history":[{"count":1,"href":"https:\/\/zsp5.edu.wroclaw.pl\/index.php\/wp-json\/wp\/v2\/pages\/545\/revisions"}],"predecessor-version":[{"id":546,"href":"https:\/\/zsp5.edu.wroclaw.pl\/index.php\/wp-json\/wp\/v2\/pages\/545\/revisions\/546"}],"wp:attachment":[{"href":"https:\/\/zsp5.edu.wroclaw.pl\/index.php\/wp-json\/wp\/v2\/media?parent=545"}],"curies":[{"name":"wp","href":"https:\/\/api.w.org\/{rel}","templated":true}]}}